{"id":5813,"date":"2022-05-09T15:42:59","date_gmt":"2022-05-09T15:42:59","guid":{"rendered":"https:\/\/scorpio.servicevision.es\/?post_type=product&#038;p=5813"},"modified":"2023-06-23T12:08:30","modified_gmt":"2023-06-23T12:08:30","slug":"escorpion","status":"publish","type":"product","link":"https:\/\/scorpio.servicevision.es\/es\/producto\/gruas-y-cabezas\/vehiculos-para-gruas-telescopicas\/escorpion\/","title":{"rendered":"E-SCORPION"},"content":{"rendered":"","protected":false},"excerpt":{"rendered":"<p><span class=\"Y2IQFc\" lang=\"es\">El e-Scorpion es un veh\u00edculo el\u00e9ctrico todo terreno compacto dise\u00f1ado para llevar la Scorpio 45&#8242; o la Scorpio 38&#8242; a lugares de dif\u00edcil acceso o cualquier otro lugar donde el ruido y las emisiones de humo no est\u00e9n permitidos. ha sido dise\u00f1ado considerando la compatibilidad con el equipo Scorpio y la comodidad del t\u00e9cnico, el operador y el conductor.\u00a0<\/span><\/p>\n","protected":false},"featured_media":5913,"template":"","meta":{"ngg_post_thumbnail":0},"product_cat":[768],"product_tag":[],"class_list":["post-5813","product","type-product","status-publish","has-post-thumbnail","hentry","product_cat-vehiculos-para-gruas-telescopicas","col-xs-6 col-sm-4","col-mf-5","un--cols"],"yoast_head":"<!-- This site is optimized with the Yoast SEO plugin v27.2 - https:\/\/yoast.com\/product\/yoast-seo-wordpress\/ -->\n<title>Veh\u00edculos y gruas para rodajes - Compra de ESCORPI\u00d3N - Scorpio<\/title>\n<meta name=\"description\" content=\"Compra de Veh\u00edculos y gruas para rodajes -ESCORPI\u00d3N. Consultas y soporte t\u00e9cnico en Servicevision, fabricaci\u00f3n y compra de equipos para rodajes cinematogr\u00e1ficos.\" \/>\n<meta name=\"robots\" content=\"index, follow, max-snippet:-1, max-image-preview:large, max-video-preview:-1\" \/>\n<link rel=\"canonical\" href=\"https:\/\/scorpio.servicevision.es\/es\/producto\/gruas-y-cabezas\/vehiculos-para-gruas-telescopicas\/escorpion\/\" \/>\n<meta property=\"og:locale\" content=\"es_ES\" \/>\n<meta property=\"og:type\" content=\"article\" \/>\n<meta property=\"og:title\" content=\"Veh\u00edculos y gruas para rodajes - Compra de ESCORPI\u00d3N - Scorpio\" \/>\n<meta property=\"og:description\" content=\"Compra de Veh\u00edculos y gruas para rodajes -ESCORPI\u00d3N. Consultas y soporte t\u00e9cnico en Servicevision, fabricaci\u00f3n y compra de equipos para rodajes cinematogr\u00e1ficos.\" \/>\n<meta property=\"og:url\" content=\"https:\/\/scorpio.servicevision.es\/es\/producto\/gruas-y-cabezas\/vehiculos-para-gruas-telescopicas\/escorpion\/\" \/>\n<meta property=\"og:site_name\" content=\"Scorpio\" \/>\n<meta property=\"article:modified_time\" content=\"2023-06-23T12:08:30+00:00\" \/>\n<meta property=\"og:image\" content=\"https:\/\/scorpio.servicevision.es\/wp-content\/uploads\/2022\/05\/SVS_2110.jpg\" \/>\n\t<meta property=\"og:image:width\" content=\"1000\" \/>\n\t<meta property=\"og:image:height\" content=\"931\" \/>\n\t<meta property=\"og:image:type\" content=\"image\/jpeg\" \/>\n<meta name=\"twitter:card\" content=\"summary_large_image\" \/>\n<script type=\"application\/ld+json\" class=\"yoast-schema-graph\">{\"@context\":\"https:\/\/schema.org\",\"@graph\":[{\"@type\":\"WebPage\",\"@id\":\"https:\/\/scorpio.servicevision.es\/es\/producto\/gruas-y-cabezas\/vehiculos-para-gruas-telescopicas\/escorpion\/\",\"url\":\"https:\/\/scorpio.servicevision.es\/es\/producto\/gruas-y-cabezas\/vehiculos-para-gruas-telescopicas\/escorpion\/\",\"name\":\"Veh\u00edculos y gruas para rodajes - Compra de ESCORPI\u00d3N - Scorpio\",\"isPartOf\":{\"@id\":\"https:\/\/scorpio.servicevision.es\/es\/#website\"},\"primaryImageOfPage\":{\"@id\":\"https:\/\/scorpio.servicevision.es\/es\/producto\/gruas-y-cabezas\/vehiculos-para-gruas-telescopicas\/escorpion\/#primaryimage\"},\"image\":{\"@id\":\"https:\/\/scorpio.servicevision.es\/es\/producto\/gruas-y-cabezas\/vehiculos-para-gruas-telescopicas\/escorpion\/#primaryimage\"},\"thumbnailUrl\":\"https:\/\/scorpio.servicevision.es\/wp-content\/uploads\/2022\/05\/SVS_2110.jpg\",\"datePublished\":\"2022-05-09T15:42:59+00:00\",\"dateModified\":\"2023-06-23T12:08:30+00:00\",\"description\":\"Compra de Veh\u00edculos y gruas para rodajes -ESCORPI\u00d3N. Consultas y soporte t\u00e9cnico en Servicevision, fabricaci\u00f3n y compra de equipos para rodajes cinematogr\u00e1ficos.\",\"breadcrumb\":{\"@id\":\"https:\/\/scorpio.servicevision.es\/es\/producto\/gruas-y-cabezas\/vehiculos-para-gruas-telescopicas\/escorpion\/#breadcrumb\"},\"inLanguage\":\"es\",\"potentialAction\":[{\"@type\":\"ReadAction\",\"target\":[\"https:\/\/scorpio.servicevision.es\/es\/producto\/gruas-y-cabezas\/vehiculos-para-gruas-telescopicas\/escorpion\/\"]}]},{\"@type\":\"ImageObject\",\"inLanguage\":\"es\",\"@id\":\"https:\/\/scorpio.servicevision.es\/es\/producto\/gruas-y-cabezas\/vehiculos-para-gruas-telescopicas\/escorpion\/#primaryimage\",\"url\":\"https:\/\/scorpio.servicevision.es\/wp-content\/uploads\/2022\/05\/SVS_2110.jpg\",\"contentUrl\":\"https:\/\/scorpio.servicevision.es\/wp-content\/uploads\/2022\/05\/SVS_2110.jpg\",\"width\":1000,\"height\":931},{\"@type\":\"BreadcrumbList\",\"@id\":\"https:\/\/scorpio.servicevision.es\/es\/producto\/gruas-y-cabezas\/vehiculos-para-gruas-telescopicas\/escorpion\/#breadcrumb\",\"itemListElement\":[{\"@type\":\"ListItem\",\"position\":1,\"name\":\"Portada\",\"item\":\"https:\/\/scorpio.servicevision.es\/es\/\"},{\"@type\":\"ListItem\",\"position\":2,\"name\":\"Shop\",\"item\":\"https:\/\/scorpio.servicevision.es\/en\/shop\/\"},{\"@type\":\"ListItem\",\"position\":3,\"name\":\"E-SCORPION\"}]},{\"@type\":\"WebSite\",\"@id\":\"https:\/\/scorpio.servicevision.es\/es\/#website\",\"url\":\"https:\/\/scorpio.servicevision.es\/es\/\",\"name\":\"Scorpio\",\"description\":\"Scorpio, fabricaci\u00f3n y venta de equipos para rodajes cinematogr\u00e1ficos\",\"potentialAction\":[{\"@type\":\"SearchAction\",\"target\":{\"@type\":\"EntryPoint\",\"urlTemplate\":\"https:\/\/scorpio.servicevision.es\/es\/?s={search_term_string}\"},\"query-input\":{\"@type\":\"PropertyValueSpecification\",\"valueRequired\":true,\"valueName\":\"search_term_string\"}}],\"inLanguage\":\"es\"}]}<\/script>\n<!-- \/ Yoast SEO plugin. -->","yoast_head_json":{"title":"Veh\u00edculos y gruas para rodajes - Compra de ESCORPI\u00d3N - Scorpio","description":"Compra de Veh\u00edculos y gruas para rodajes -ESCORPI\u00d3N. Consultas y soporte t\u00e9cnico en Servicevision, fabricaci\u00f3n y compra de equipos para rodajes cinematogr\u00e1ficos.","robots":{"index":"index","follow":"follow","max-snippet":"max-snippet:-1","max-image-preview":"max-image-preview:large","max-video-preview":"max-video-preview:-1"},"canonical":"https:\/\/scorpio.servicevision.es\/es\/producto\/gruas-y-cabezas\/vehiculos-para-gruas-telescopicas\/escorpion\/","og_locale":"es_ES","og_type":"article","og_title":"Veh\u00edculos y gruas para rodajes - Compra de ESCORPI\u00d3N - Scorpio","og_description":"Compra de Veh\u00edculos y gruas para rodajes -ESCORPI\u00d3N. Consultas y soporte t\u00e9cnico en Servicevision, fabricaci\u00f3n y compra de equipos para rodajes cinematogr\u00e1ficos.","og_url":"https:\/\/scorpio.servicevision.es\/es\/producto\/gruas-y-cabezas\/vehiculos-para-gruas-telescopicas\/escorpion\/","og_site_name":"Scorpio","article_modified_time":"2023-06-23T12:08:30+00:00","og_image":[{"width":1000,"height":931,"url":"https:\/\/scorpio.servicevision.es\/wp-content\/uploads\/2022\/05\/SVS_2110.jpg","type":"image\/jpeg"}],"twitter_card":"summary_large_image","schema":{"@context":"https:\/\/schema.org","@graph":[{"@type":"WebPage","@id":"https:\/\/scorpio.servicevision.es\/es\/producto\/gruas-y-cabezas\/vehiculos-para-gruas-telescopicas\/escorpion\/","url":"https:\/\/scorpio.servicevision.es\/es\/producto\/gruas-y-cabezas\/vehiculos-para-gruas-telescopicas\/escorpion\/","name":"Veh\u00edculos y gruas para rodajes - Compra de ESCORPI\u00d3N - Scorpio","isPartOf":{"@id":"https:\/\/scorpio.servicevision.es\/es\/#website"},"primaryImageOfPage":{"@id":"https:\/\/scorpio.servicevision.es\/es\/producto\/gruas-y-cabezas\/vehiculos-para-gruas-telescopicas\/escorpion\/#primaryimage"},"image":{"@id":"https:\/\/scorpio.servicevision.es\/es\/producto\/gruas-y-cabezas\/vehiculos-para-gruas-telescopicas\/escorpion\/#primaryimage"},"thumbnailUrl":"https:\/\/scorpio.servicevision.es\/wp-content\/uploads\/2022\/05\/SVS_2110.jpg","datePublished":"2022-05-09T15:42:59+00:00","dateModified":"2023-06-23T12:08:30+00:00","description":"Compra de Veh\u00edculos y gruas para rodajes -ESCORPI\u00d3N. Consultas y soporte t\u00e9cnico en Servicevision, fabricaci\u00f3n y compra de equipos para rodajes cinematogr\u00e1ficos.","breadcrumb":{"@id":"https:\/\/scorpio.servicevision.es\/es\/producto\/gruas-y-cabezas\/vehiculos-para-gruas-telescopicas\/escorpion\/#breadcrumb"},"inLanguage":"es","potentialAction":[{"@type":"ReadAction","target":["https:\/\/scorpio.servicevision.es\/es\/producto\/gruas-y-cabezas\/vehiculos-para-gruas-telescopicas\/escorpion\/"]}]},{"@type":"ImageObject","inLanguage":"es","@id":"https:\/\/scorpio.servicevision.es\/es\/producto\/gruas-y-cabezas\/vehiculos-para-gruas-telescopicas\/escorpion\/#primaryimage","url":"https:\/\/scorpio.servicevision.es\/wp-content\/uploads\/2022\/05\/SVS_2110.jpg","contentUrl":"https:\/\/scorpio.servicevision.es\/wp-content\/uploads\/2022\/05\/SVS_2110.jpg","width":1000,"height":931},{"@type":"BreadcrumbList","@id":"https:\/\/scorpio.servicevision.es\/es\/producto\/gruas-y-cabezas\/vehiculos-para-gruas-telescopicas\/escorpion\/#breadcrumb","itemListElement":[{"@type":"ListItem","position":1,"name":"Portada","item":"https:\/\/scorpio.servicevision.es\/es\/"},{"@type":"ListItem","position":2,"name":"Shop","item":"https:\/\/scorpio.servicevision.es\/en\/shop\/"},{"@type":"ListItem","position":3,"name":"E-SCORPION"}]},{"@type":"WebSite","@id":"https:\/\/scorpio.servicevision.es\/es\/#website","url":"https:\/\/scorpio.servicevision.es\/es\/","name":"Scorpio","description":"Scorpio, fabricaci\u00f3n y venta de equipos para rodajes cinematogr\u00e1ficos","potentialAction":[{"@type":"SearchAction","target":{"@type":"EntryPoint","urlTemplate":"https:\/\/scorpio.servicevision.es\/es\/?s={search_term_string}"},"query-input":{"@type":"PropertyValueSpecification","valueRequired":true,"valueName":"search_term_string"}}],"inLanguage":"es"}]}},"_links":{"self":[{"href":"https:\/\/scorpio.servicevision.es\/es\/wp-json\/wp\/v2\/product\/5813","targetHints":{"allow":["GET"]}}],"collection":[{"href":"https:\/\/scorpio.servicevision.es\/es\/wp-json\/wp\/v2\/product"}],"about":[{"href":"https:\/\/scorpio.servicevision.es\/es\/wp-json\/wp\/v2\/types\/product"}],"wp:featuredmedia":[{"embeddable":true,"href":"https:\/\/scorpio.servicevision.es\/es\/wp-json\/wp\/v2\/media\/5913"}],"wp:attachment":[{"href":"https:\/\/scorpio.servicevision.es\/es\/wp-json\/wp\/v2\/media?parent=5813"}],"wp:term":[{"taxonomy":"product_cat","embeddable":true,"href":"https:\/\/scorpio.servicevision.es\/es\/wp-json\/wp\/v2\/product_cat?post=5813"},{"taxonomy":"product_tag","embeddable":true,"href":"https:\/\/scorpio.servicevision.es\/es\/wp-json\/wp\/v2\/product_tag?post=5813"}],"curies":[{"name":"wp","href":"https:\/\/api.w.org\/{rel}","templated":true}]}}