{"id":5809,"date":"2022-05-09T15:38:37","date_gmt":"2022-05-09T15:38:37","guid":{"rendered":"https:\/\/scorpio.servicevision.es\/?post_type=product&#038;p=5809"},"modified":"2023-05-10T08:25:53","modified_gmt":"2023-05-10T08:25:53","slug":"micro-scorpio-stabilized-v","status":"publish","type":"product","link":"https:\/\/scorpio.servicevision.es\/es\/producto\/gruas-y-cabezas\/scorpio-heads\/cabezas-estabilizadas\/micro-scorpio-stabilized-v\/","title":{"rendered":"Micro Scorpio stabilized V"},"content":{"rendered":"<p><strong>AVAILABLE SOON<\/strong><\/p>\n","protected":false},"excerpt":{"rendered":"<p>available soon<\/p>\n","protected":false},"featured_media":35,"template":"","meta":{"ngg_post_thumbnail":0},"product_cat":[116],"product_tag":[],"class_list":["post-5809","product","type-product","status-publish","has-post-thumbnail","hentry","product_cat-cabezas-estabilizadas","col-xs-6 col-sm-4","col-mf-5","un--cols"],"yoast_head":"<!-- This site is optimized with the Yoast SEO plugin v27.2 - https:\/\/yoast.com\/product\/yoast-seo-wordpress\/ -->\n<title>Veh\u00edculos y gruas para rodajes - Compra de MICRO SCORPIO STABILIZED V - Scorpio<\/title>\n<meta name=\"description\" content=\"Compra de Veh\u00edculos y gruas para rodajes - Cabezas estabilizadas: MICRO SCORPIO STABILIZED V. Consultas y soporte t\u00e9cnico en Servicevision, fabricaci\u00f3n y compra de equipos para rodajes cinematogr\u00e1ficos.\" \/>\n<meta name=\"robots\" content=\"index, follow, max-snippet:-1, max-image-preview:large, max-video-preview:-1\" \/>\n<link rel=\"canonical\" href=\"https:\/\/scorpio.servicevision.es\/es\/producto\/gruas-y-cabezas\/scorpio-heads\/cabezas-estabilizadas\/micro-scorpio-stabilized-v\/\" \/>\n<meta property=\"og:locale\" content=\"es_ES\" \/>\n<meta property=\"og:type\" content=\"article\" \/>\n<meta property=\"og:title\" content=\"Veh\u00edculos y gruas para rodajes - Compra de MICRO SCORPIO STABILIZED V - Scorpio\" \/>\n<meta property=\"og:description\" content=\"Compra de Veh\u00edculos y gruas para rodajes - Cabezas estabilizadas: MICRO SCORPIO STABILIZED V. Consultas y soporte t\u00e9cnico en Servicevision, fabricaci\u00f3n y compra de equipos para rodajes cinematogr\u00e1ficos.\" \/>\n<meta property=\"og:url\" content=\"https:\/\/scorpio.servicevision.es\/es\/producto\/gruas-y-cabezas\/scorpio-heads\/cabezas-estabilizadas\/micro-scorpio-stabilized-v\/\" \/>\n<meta property=\"og:site_name\" content=\"Scorpio\" \/>\n<meta property=\"article:modified_time\" content=\"2023-05-10T08:25:53+00:00\" \/>\n<meta property=\"og:image\" content=\"https:\/\/scorpio.servicevision.es\/wp-content\/uploads\/2018\/12\/danland_logo.png\" \/>\n\t<meta property=\"og:image:width\" content=\"94\" \/>\n\t<meta property=\"og:image:height\" content=\"108\" \/>\n\t<meta property=\"og:image:type\" content=\"image\/png\" \/>\n<meta name=\"twitter:card\" content=\"summary_large_image\" \/>\n<meta name=\"twitter:label1\" content=\"Tiempo de lectura\" \/>\n\t<meta name=\"twitter:data1\" content=\"1 minuto\" \/>\n<script type=\"application\/ld+json\" class=\"yoast-schema-graph\">{\"@context\":\"https:\/\/schema.org\",\"@graph\":[{\"@type\":\"WebPage\",\"@id\":\"https:\/\/scorpio.servicevision.es\/es\/producto\/gruas-y-cabezas\/scorpio-heads\/cabezas-estabilizadas\/micro-scorpio-stabilized-v\/\",\"url\":\"https:\/\/scorpio.servicevision.es\/es\/producto\/gruas-y-cabezas\/scorpio-heads\/cabezas-estabilizadas\/micro-scorpio-stabilized-v\/\",\"name\":\"Veh\u00edculos y gruas para rodajes - Compra de MICRO SCORPIO STABILIZED V - Scorpio\",\"isPartOf\":{\"@id\":\"https:\/\/scorpio.servicevision.es\/es\/#website\"},\"primaryImageOfPage\":{\"@id\":\"https:\/\/scorpio.servicevision.es\/es\/producto\/gruas-y-cabezas\/scorpio-heads\/cabezas-estabilizadas\/micro-scorpio-stabilized-v\/#primaryimage\"},\"image\":{\"@id\":\"https:\/\/scorpio.servicevision.es\/es\/producto\/gruas-y-cabezas\/scorpio-heads\/cabezas-estabilizadas\/micro-scorpio-stabilized-v\/#primaryimage\"},\"thumbnailUrl\":\"https:\/\/scorpio.servicevision.es\/wp-content\/uploads\/2018\/12\/danland_logo.png\",\"datePublished\":\"2022-05-09T15:38:37+00:00\",\"dateModified\":\"2023-05-10T08:25:53+00:00\",\"description\":\"Compra de Veh\u00edculos y gruas para rodajes - Cabezas estabilizadas: MICRO SCORPIO STABILIZED V. Consultas y soporte t\u00e9cnico en Servicevision, fabricaci\u00f3n y compra de equipos para rodajes cinematogr\u00e1ficos.\",\"breadcrumb\":{\"@id\":\"https:\/\/scorpio.servicevision.es\/es\/producto\/gruas-y-cabezas\/scorpio-heads\/cabezas-estabilizadas\/micro-scorpio-stabilized-v\/#breadcrumb\"},\"inLanguage\":\"es\",\"potentialAction\":[{\"@type\":\"ReadAction\",\"target\":[\"https:\/\/scorpio.servicevision.es\/es\/producto\/gruas-y-cabezas\/scorpio-heads\/cabezas-estabilizadas\/micro-scorpio-stabilized-v\/\"]}]},{\"@type\":\"ImageObject\",\"inLanguage\":\"es\",\"@id\":\"https:\/\/scorpio.servicevision.es\/es\/producto\/gruas-y-cabezas\/scorpio-heads\/cabezas-estabilizadas\/micro-scorpio-stabilized-v\/#primaryimage\",\"url\":\"https:\/\/scorpio.servicevision.es\/wp-content\/uploads\/2018\/12\/danland_logo.png\",\"contentUrl\":\"https:\/\/scorpio.servicevision.es\/wp-content\/uploads\/2018\/12\/danland_logo.png\",\"width\":94,\"height\":108},{\"@type\":\"BreadcrumbList\",\"@id\":\"https:\/\/scorpio.servicevision.es\/es\/producto\/gruas-y-cabezas\/scorpio-heads\/cabezas-estabilizadas\/micro-scorpio-stabilized-v\/#breadcrumb\",\"itemListElement\":[{\"@type\":\"ListItem\",\"position\":1,\"name\":\"Portada\",\"item\":\"https:\/\/scorpio.servicevision.es\/es\/\"},{\"@type\":\"ListItem\",\"position\":2,\"name\":\"Shop\",\"item\":\"https:\/\/scorpio.servicevision.es\/en\/shop\/\"},{\"@type\":\"ListItem\",\"position\":3,\"name\":\"Micro Scorpio stabilized V\"}]},{\"@type\":\"WebSite\",\"@id\":\"https:\/\/scorpio.servicevision.es\/es\/#website\",\"url\":\"https:\/\/scorpio.servicevision.es\/es\/\",\"name\":\"Scorpio\",\"description\":\"Scorpio, fabricaci\u00f3n y venta de equipos para rodajes cinematogr\u00e1ficos\",\"potentialAction\":[{\"@type\":\"SearchAction\",\"target\":{\"@type\":\"EntryPoint\",\"urlTemplate\":\"https:\/\/scorpio.servicevision.es\/es\/?s={search_term_string}\"},\"query-input\":{\"@type\":\"PropertyValueSpecification\",\"valueRequired\":true,\"valueName\":\"search_term_string\"}}],\"inLanguage\":\"es\"}]}<\/script>\n<!-- \/ Yoast SEO plugin. -->","yoast_head_json":{"title":"Veh\u00edculos y gruas para rodajes - Compra de MICRO SCORPIO STABILIZED V - Scorpio","description":"Compra de Veh\u00edculos y gruas para rodajes - Cabezas estabilizadas: MICRO SCORPIO STABILIZED V. Consultas y soporte t\u00e9cnico en Servicevision, fabricaci\u00f3n y compra de equipos para rodajes cinematogr\u00e1ficos.","robots":{"index":"index","follow":"follow","max-snippet":"max-snippet:-1","max-image-preview":"max-image-preview:large","max-video-preview":"max-video-preview:-1"},"canonical":"https:\/\/scorpio.servicevision.es\/es\/producto\/gruas-y-cabezas\/scorpio-heads\/cabezas-estabilizadas\/micro-scorpio-stabilized-v\/","og_locale":"es_ES","og_type":"article","og_title":"Veh\u00edculos y gruas para rodajes - Compra de MICRO SCORPIO STABILIZED V - Scorpio","og_description":"Compra de Veh\u00edculos y gruas para rodajes - Cabezas estabilizadas: MICRO SCORPIO STABILIZED V. Consultas y soporte t\u00e9cnico en Servicevision, fabricaci\u00f3n y compra de equipos para rodajes cinematogr\u00e1ficos.","og_url":"https:\/\/scorpio.servicevision.es\/es\/producto\/gruas-y-cabezas\/scorpio-heads\/cabezas-estabilizadas\/micro-scorpio-stabilized-v\/","og_site_name":"Scorpio","article_modified_time":"2023-05-10T08:25:53+00:00","og_image":[{"width":94,"height":108,"url":"https:\/\/scorpio.servicevision.es\/wp-content\/uploads\/2018\/12\/danland_logo.png","type":"image\/png"}],"twitter_card":"summary_large_image","twitter_misc":{"Tiempo de lectura":"1 minuto"},"schema":{"@context":"https:\/\/schema.org","@graph":[{"@type":"WebPage","@id":"https:\/\/scorpio.servicevision.es\/es\/producto\/gruas-y-cabezas\/scorpio-heads\/cabezas-estabilizadas\/micro-scorpio-stabilized-v\/","url":"https:\/\/scorpio.servicevision.es\/es\/producto\/gruas-y-cabezas\/scorpio-heads\/cabezas-estabilizadas\/micro-scorpio-stabilized-v\/","name":"Veh\u00edculos y gruas para rodajes - Compra de MICRO SCORPIO STABILIZED V - Scorpio","isPartOf":{"@id":"https:\/\/scorpio.servicevision.es\/es\/#website"},"primaryImageOfPage":{"@id":"https:\/\/scorpio.servicevision.es\/es\/producto\/gruas-y-cabezas\/scorpio-heads\/cabezas-estabilizadas\/micro-scorpio-stabilized-v\/#primaryimage"},"image":{"@id":"https:\/\/scorpio.servicevision.es\/es\/producto\/gruas-y-cabezas\/scorpio-heads\/cabezas-estabilizadas\/micro-scorpio-stabilized-v\/#primaryimage"},"thumbnailUrl":"https:\/\/scorpio.servicevision.es\/wp-content\/uploads\/2018\/12\/danland_logo.png","datePublished":"2022-05-09T15:38:37+00:00","dateModified":"2023-05-10T08:25:53+00:00","description":"Compra de Veh\u00edculos y gruas para rodajes - Cabezas estabilizadas: MICRO SCORPIO STABILIZED V. Consultas y soporte t\u00e9cnico en Servicevision, fabricaci\u00f3n y compra de equipos para rodajes cinematogr\u00e1ficos.","breadcrumb":{"@id":"https:\/\/scorpio.servicevision.es\/es\/producto\/gruas-y-cabezas\/scorpio-heads\/cabezas-estabilizadas\/micro-scorpio-stabilized-v\/#breadcrumb"},"inLanguage":"es","potentialAction":[{"@type":"ReadAction","target":["https:\/\/scorpio.servicevision.es\/es\/producto\/gruas-y-cabezas\/scorpio-heads\/cabezas-estabilizadas\/micro-scorpio-stabilized-v\/"]}]},{"@type":"ImageObject","inLanguage":"es","@id":"https:\/\/scorpio.servicevision.es\/es\/producto\/gruas-y-cabezas\/scorpio-heads\/cabezas-estabilizadas\/micro-scorpio-stabilized-v\/#primaryimage","url":"https:\/\/scorpio.servicevision.es\/wp-content\/uploads\/2018\/12\/danland_logo.png","contentUrl":"https:\/\/scorpio.servicevision.es\/wp-content\/uploads\/2018\/12\/danland_logo.png","width":94,"height":108},{"@type":"BreadcrumbList","@id":"https:\/\/scorpio.servicevision.es\/es\/producto\/gruas-y-cabezas\/scorpio-heads\/cabezas-estabilizadas\/micro-scorpio-stabilized-v\/#breadcrumb","itemListElement":[{"@type":"ListItem","position":1,"name":"Portada","item":"https:\/\/scorpio.servicevision.es\/es\/"},{"@type":"ListItem","position":2,"name":"Shop","item":"https:\/\/scorpio.servicevision.es\/en\/shop\/"},{"@type":"ListItem","position":3,"name":"Micro Scorpio stabilized V"}]},{"@type":"WebSite","@id":"https:\/\/scorpio.servicevision.es\/es\/#website","url":"https:\/\/scorpio.servicevision.es\/es\/","name":"Scorpio","description":"Scorpio, fabricaci\u00f3n y venta de equipos para rodajes cinematogr\u00e1ficos","potentialAction":[{"@type":"SearchAction","target":{"@type":"EntryPoint","urlTemplate":"https:\/\/scorpio.servicevision.es\/es\/?s={search_term_string}"},"query-input":{"@type":"PropertyValueSpecification","valueRequired":true,"valueName":"search_term_string"}}],"inLanguage":"es"}]}},"_links":{"self":[{"href":"https:\/\/scorpio.servicevision.es\/es\/wp-json\/wp\/v2\/product\/5809","targetHints":{"allow":["GET"]}}],"collection":[{"href":"https:\/\/scorpio.servicevision.es\/es\/wp-json\/wp\/v2\/product"}],"about":[{"href":"https:\/\/scorpio.servicevision.es\/es\/wp-json\/wp\/v2\/types\/product"}],"wp:featuredmedia":[{"embeddable":true,"href":"https:\/\/scorpio.servicevision.es\/es\/wp-json\/wp\/v2\/media\/35"}],"wp:attachment":[{"href":"https:\/\/scorpio.servicevision.es\/es\/wp-json\/wp\/v2\/media?parent=5809"}],"wp:term":[{"taxonomy":"product_cat","embeddable":true,"href":"https:\/\/scorpio.servicevision.es\/es\/wp-json\/wp\/v2\/product_cat?post=5809"},{"taxonomy":"product_tag","embeddable":true,"href":"https:\/\/scorpio.servicevision.es\/es\/wp-json\/wp\/v2\/product_tag?post=5809"}],"curies":[{"name":"wp","href":"https:\/\/api.w.org\/{rel}","templated":true}]}}