{"id":5748,"date":"2022-02-09T17:56:09","date_gmt":"2022-02-09T17:56:09","guid":{"rendered":"https:\/\/scorpio.servicevision.es\/?post_type=product&#038;p=5748"},"modified":"2022-02-09T17:59:01","modified_gmt":"2022-02-09T17:59:01","slug":"scorpio-wide-angle-converter","status":"publish","type":"product","link":"https:\/\/scorpio.servicevision.es\/es\/producto\/lenses\/lenses-en\/anamorficos-full-frame-lenses-en\/scorpio-wide-angle-converter\/","title":{"rendered":"SCORPIO WIDE ANGLE CONVERTER"},"content":{"rendered":"","protected":false},"excerpt":{"rendered":"<p>La \u00f3ptica Scorpio WIDE ANGLE CONVERTER mantiene la calidad original y las mismas caracter\u00edsticas de las lentes con una conversi\u00f3n aproximada de 0.8. Se trata de una combinaci\u00f3n de lentes que mantienen y respetan el mismo aspecto y crom\u00e1ticas de la lente original. Esta nueva herramienta a\u00f1ade una gama de nuevos focos que no existen en el mercado, como puede ser el Leica de 12 mm Summilux-C.  <\/p>\n","protected":false},"featured_media":0,"template":"","meta":{"ngg_post_thumbnail":0},"product_cat":[15,22,62,128],"product_tag":[],"class_list":["post-5748","product","type-product","status-publish","hentry","product_cat-opticas","product_cat-objetivos-y-zooms","product_cat-objetivos-y-juegos-pl-full-frame","product_cat-anamorficos-full-frame-lenses-en","col-xs-6 col-sm-4","col-mf-5","un--cols"],"yoast_head":"<!-- This site is optimized with the Yoast SEO plugin v27.2 - https:\/\/yoast.com\/product\/yoast-seo-wordpress\/ -->\n<title>C\u00e1maras Scorpio Wide Angle converter - Scorpio<\/title>\n<meta name=\"description\" content=\"Compra de C\u00e1maras - objetivos y juegos PL Full Frame: Scorpio Wide Angle converter. Consultas y soporte t\u00e9cnico en Servicevision, fabricaci\u00f3n y compra de equipos para rodajes cinematogr\u00e1ficos.\" \/>\n<meta name=\"robots\" content=\"index, follow, max-snippet:-1, max-image-preview:large, max-video-preview:-1\" \/>\n<link rel=\"canonical\" href=\"https:\/\/scorpio.servicevision.es\/es\/producto\/lenses\/lenses-en\/anamorficos-full-frame-lenses-en\/scorpio-wide-angle-converter\/\" \/>\n<meta property=\"og:locale\" content=\"es_ES\" \/>\n<meta property=\"og:type\" content=\"article\" \/>\n<meta property=\"og:title\" content=\"C\u00e1maras Scorpio Wide Angle converter - Scorpio\" \/>\n<meta property=\"og:description\" content=\"Compra de C\u00e1maras - objetivos y juegos PL Full Frame: Scorpio Wide Angle converter. Consultas y soporte t\u00e9cnico en Servicevision, fabricaci\u00f3n y compra de equipos para rodajes cinematogr\u00e1ficos.\" \/>\n<meta property=\"og:url\" content=\"https:\/\/scorpio.servicevision.es\/es\/producto\/lenses\/lenses-en\/anamorficos-full-frame-lenses-en\/scorpio-wide-angle-converter\/\" \/>\n<meta property=\"og:site_name\" content=\"Scorpio\" \/>\n<meta property=\"article:modified_time\" content=\"2022-02-09T17:59:01+00:00\" \/>\n<meta name=\"twitter:card\" content=\"summary_large_image\" \/>\n<script type=\"application\/ld+json\" class=\"yoast-schema-graph\">{\"@context\":\"https:\/\/schema.org\",\"@graph\":[{\"@type\":\"WebPage\",\"@id\":\"https:\/\/scorpio.servicevision.es\/es\/producto\/lenses\/lenses-en\/anamorficos-full-frame-lenses-en\/scorpio-wide-angle-converter\/\",\"url\":\"https:\/\/scorpio.servicevision.es\/es\/producto\/lenses\/lenses-en\/anamorficos-full-frame-lenses-en\/scorpio-wide-angle-converter\/\",\"name\":\"C\u00e1maras Scorpio Wide Angle converter - Scorpio\",\"isPartOf\":{\"@id\":\"https:\/\/scorpio.servicevision.es\/es\/#website\"},\"datePublished\":\"2022-02-09T17:56:09+00:00\",\"dateModified\":\"2022-02-09T17:59:01+00:00\",\"description\":\"Compra de C\u00e1maras - objetivos y juegos PL Full Frame: Scorpio Wide Angle converter. Consultas y soporte t\u00e9cnico en Servicevision, fabricaci\u00f3n y compra de equipos para rodajes cinematogr\u00e1ficos.\",\"breadcrumb\":{\"@id\":\"https:\/\/scorpio.servicevision.es\/es\/producto\/lenses\/lenses-en\/anamorficos-full-frame-lenses-en\/scorpio-wide-angle-converter\/#breadcrumb\"},\"inLanguage\":\"es\",\"potentialAction\":[{\"@type\":\"ReadAction\",\"target\":[\"https:\/\/scorpio.servicevision.es\/es\/producto\/lenses\/lenses-en\/anamorficos-full-frame-lenses-en\/scorpio-wide-angle-converter\/\"]}]},{\"@type\":\"BreadcrumbList\",\"@id\":\"https:\/\/scorpio.servicevision.es\/es\/producto\/lenses\/lenses-en\/anamorficos-full-frame-lenses-en\/scorpio-wide-angle-converter\/#breadcrumb\",\"itemListElement\":[{\"@type\":\"ListItem\",\"position\":1,\"name\":\"Portada\",\"item\":\"https:\/\/scorpio.servicevision.es\/es\/\"},{\"@type\":\"ListItem\",\"position\":2,\"name\":\"Shop\",\"item\":\"https:\/\/scorpio.servicevision.es\/en\/shop\/\"},{\"@type\":\"ListItem\",\"position\":3,\"name\":\"SCORPIO WIDE ANGLE CONVERTER\"}]},{\"@type\":\"WebSite\",\"@id\":\"https:\/\/scorpio.servicevision.es\/es\/#website\",\"url\":\"https:\/\/scorpio.servicevision.es\/es\/\",\"name\":\"Scorpio\",\"description\":\"Scorpio, fabricaci\u00f3n y venta de equipos para rodajes cinematogr\u00e1ficos\",\"potentialAction\":[{\"@type\":\"SearchAction\",\"target\":{\"@type\":\"EntryPoint\",\"urlTemplate\":\"https:\/\/scorpio.servicevision.es\/es\/?s={search_term_string}\"},\"query-input\":{\"@type\":\"PropertyValueSpecification\",\"valueRequired\":true,\"valueName\":\"search_term_string\"}}],\"inLanguage\":\"es\"}]}<\/script>\n<!-- \/ Yoast SEO plugin. -->","yoast_head_json":{"title":"C\u00e1maras Scorpio Wide Angle converter - Scorpio","description":"Compra de C\u00e1maras - objetivos y juegos PL Full Frame: Scorpio Wide Angle converter. Consultas y soporte t\u00e9cnico en Servicevision, fabricaci\u00f3n y compra de equipos para rodajes cinematogr\u00e1ficos.","robots":{"index":"index","follow":"follow","max-snippet":"max-snippet:-1","max-image-preview":"max-image-preview:large","max-video-preview":"max-video-preview:-1"},"canonical":"https:\/\/scorpio.servicevision.es\/es\/producto\/lenses\/lenses-en\/anamorficos-full-frame-lenses-en\/scorpio-wide-angle-converter\/","og_locale":"es_ES","og_type":"article","og_title":"C\u00e1maras Scorpio Wide Angle converter - Scorpio","og_description":"Compra de C\u00e1maras - objetivos y juegos PL Full Frame: Scorpio Wide Angle converter. Consultas y soporte t\u00e9cnico en Servicevision, fabricaci\u00f3n y compra de equipos para rodajes cinematogr\u00e1ficos.","og_url":"https:\/\/scorpio.servicevision.es\/es\/producto\/lenses\/lenses-en\/anamorficos-full-frame-lenses-en\/scorpio-wide-angle-converter\/","og_site_name":"Scorpio","article_modified_time":"2022-02-09T17:59:01+00:00","twitter_card":"summary_large_image","schema":{"@context":"https:\/\/schema.org","@graph":[{"@type":"WebPage","@id":"https:\/\/scorpio.servicevision.es\/es\/producto\/lenses\/lenses-en\/anamorficos-full-frame-lenses-en\/scorpio-wide-angle-converter\/","url":"https:\/\/scorpio.servicevision.es\/es\/producto\/lenses\/lenses-en\/anamorficos-full-frame-lenses-en\/scorpio-wide-angle-converter\/","name":"C\u00e1maras Scorpio Wide Angle converter - Scorpio","isPartOf":{"@id":"https:\/\/scorpio.servicevision.es\/es\/#website"},"datePublished":"2022-02-09T17:56:09+00:00","dateModified":"2022-02-09T17:59:01+00:00","description":"Compra de C\u00e1maras - objetivos y juegos PL Full Frame: Scorpio Wide Angle converter. Consultas y soporte t\u00e9cnico en Servicevision, fabricaci\u00f3n y compra de equipos para rodajes cinematogr\u00e1ficos.","breadcrumb":{"@id":"https:\/\/scorpio.servicevision.es\/es\/producto\/lenses\/lenses-en\/anamorficos-full-frame-lenses-en\/scorpio-wide-angle-converter\/#breadcrumb"},"inLanguage":"es","potentialAction":[{"@type":"ReadAction","target":["https:\/\/scorpio.servicevision.es\/es\/producto\/lenses\/lenses-en\/anamorficos-full-frame-lenses-en\/scorpio-wide-angle-converter\/"]}]},{"@type":"BreadcrumbList","@id":"https:\/\/scorpio.servicevision.es\/es\/producto\/lenses\/lenses-en\/anamorficos-full-frame-lenses-en\/scorpio-wide-angle-converter\/#breadcrumb","itemListElement":[{"@type":"ListItem","position":1,"name":"Portada","item":"https:\/\/scorpio.servicevision.es\/es\/"},{"@type":"ListItem","position":2,"name":"Shop","item":"https:\/\/scorpio.servicevision.es\/en\/shop\/"},{"@type":"ListItem","position":3,"name":"SCORPIO WIDE ANGLE CONVERTER"}]},{"@type":"WebSite","@id":"https:\/\/scorpio.servicevision.es\/es\/#website","url":"https:\/\/scorpio.servicevision.es\/es\/","name":"Scorpio","description":"Scorpio, fabricaci\u00f3n y venta de equipos para rodajes cinematogr\u00e1ficos","potentialAction":[{"@type":"SearchAction","target":{"@type":"EntryPoint","urlTemplate":"https:\/\/scorpio.servicevision.es\/es\/?s={search_term_string}"},"query-input":{"@type":"PropertyValueSpecification","valueRequired":true,"valueName":"search_term_string"}}],"inLanguage":"es"}]}},"_links":{"self":[{"href":"https:\/\/scorpio.servicevision.es\/es\/wp-json\/wp\/v2\/product\/5748","targetHints":{"allow":["GET"]}}],"collection":[{"href":"https:\/\/scorpio.servicevision.es\/es\/wp-json\/wp\/v2\/product"}],"about":[{"href":"https:\/\/scorpio.servicevision.es\/es\/wp-json\/wp\/v2\/types\/product"}],"wp:attachment":[{"href":"https:\/\/scorpio.servicevision.es\/es\/wp-json\/wp\/v2\/media?parent=5748"}],"wp:term":[{"taxonomy":"product_cat","embeddable":true,"href":"https:\/\/scorpio.servicevision.es\/es\/wp-json\/wp\/v2\/product_cat?post=5748"},{"taxonomy":"product_tag","embeddable":true,"href":"https:\/\/scorpio.servicevision.es\/es\/wp-json\/wp\/v2\/product_tag?post=5748"}],"curies":[{"name":"wp","href":"https:\/\/api.w.org\/{rel}","templated":true}]}}