{"id":5733,"date":"2022-02-09T17:40:02","date_gmt":"2022-02-09T17:40:02","guid":{"rendered":"https:\/\/scorpio.servicevision.es\/?post_type=product&#038;p=5733"},"modified":"2022-02-09T17:40:03","modified_gmt":"2022-02-09T17:40:03","slug":"scorpio-mobile-base","status":"publish","type":"product","link":"https:\/\/scorpio.servicevision.es\/es\/producto\/gruas-y-cabezas\/vehiculos-para-gruas-telescopicas\/scorpio-mobile-base\/","title":{"rendered":"SCORPIO MOBILE BASE"},"content":{"rendered":"","protected":false},"excerpt":{"rendered":"","protected":false},"featured_media":0,"template":"","meta":{"ngg_post_thumbnail":0},"product_cat":[768],"product_tag":[],"class_list":["post-5733","product","type-product","status-publish","hentry","product_cat-vehiculos-para-gruas-telescopicas","col-xs-6 col-sm-4","col-mf-5","un--cols"],"yoast_head":"<!-- This site is optimized with the Yoast SEO plugin v27.2 - https:\/\/yoast.com\/product\/yoast-seo-wordpress\/ -->\n<title>Veh\u00edculos y gruas para rodajes - Compra de SCORPIO MOBILE BASE - Scorpio<\/title>\n<meta name=\"description\" content=\"Compra de Veh\u00edculos y gruas para rodajes - SCORPIO MOBILE BASE. Consultas y soporte t\u00e9cnico en Servicevision, fabricaci\u00f3n y compra de equipos para rodajes cinematogr\u00e1ficos.\" \/>\n<meta name=\"robots\" content=\"index, follow, max-snippet:-1, max-image-preview:large, max-video-preview:-1\" \/>\n<link rel=\"canonical\" href=\"https:\/\/scorpio.servicevision.es\/es\/producto\/gruas-y-cabezas\/vehiculos-para-gruas-telescopicas\/scorpio-mobile-base\/\" \/>\n<meta property=\"og:locale\" content=\"es_ES\" \/>\n<meta property=\"og:type\" content=\"article\" \/>\n<meta property=\"og:title\" content=\"Veh\u00edculos y gruas para rodajes - Compra de SCORPIO MOBILE BASE - Scorpio\" \/>\n<meta property=\"og:description\" content=\"Compra de Veh\u00edculos y gruas para rodajes - SCORPIO MOBILE BASE. Consultas y soporte t\u00e9cnico en Servicevision, fabricaci\u00f3n y compra de equipos para rodajes cinematogr\u00e1ficos.\" \/>\n<meta property=\"og:url\" content=\"https:\/\/scorpio.servicevision.es\/es\/producto\/gruas-y-cabezas\/vehiculos-para-gruas-telescopicas\/scorpio-mobile-base\/\" \/>\n<meta property=\"og:site_name\" content=\"Scorpio\" \/>\n<meta property=\"article:modified_time\" content=\"2022-02-09T17:40:03+00:00\" \/>\n<meta name=\"twitter:card\" content=\"summary_large_image\" \/>\n<script type=\"application\/ld+json\" class=\"yoast-schema-graph\">{\"@context\":\"https:\/\/schema.org\",\"@graph\":[{\"@type\":\"WebPage\",\"@id\":\"https:\/\/scorpio.servicevision.es\/es\/producto\/gruas-y-cabezas\/vehiculos-para-gruas-telescopicas\/scorpio-mobile-base\/\",\"url\":\"https:\/\/scorpio.servicevision.es\/es\/producto\/gruas-y-cabezas\/vehiculos-para-gruas-telescopicas\/scorpio-mobile-base\/\",\"name\":\"Veh\u00edculos y gruas para rodajes - Compra de SCORPIO MOBILE BASE - Scorpio\",\"isPartOf\":{\"@id\":\"https:\/\/scorpio.servicevision.es\/es\/#website\"},\"datePublished\":\"2022-02-09T17:40:02+00:00\",\"dateModified\":\"2022-02-09T17:40:03+00:00\",\"description\":\"Compra de Veh\u00edculos y gruas para rodajes - SCORPIO MOBILE BASE. Consultas y soporte t\u00e9cnico en Servicevision, fabricaci\u00f3n y compra de equipos para rodajes cinematogr\u00e1ficos.\",\"breadcrumb\":{\"@id\":\"https:\/\/scorpio.servicevision.es\/es\/producto\/gruas-y-cabezas\/vehiculos-para-gruas-telescopicas\/scorpio-mobile-base\/#breadcrumb\"},\"inLanguage\":\"es\",\"potentialAction\":[{\"@type\":\"ReadAction\",\"target\":[\"https:\/\/scorpio.servicevision.es\/es\/producto\/gruas-y-cabezas\/vehiculos-para-gruas-telescopicas\/scorpio-mobile-base\/\"]}]},{\"@type\":\"BreadcrumbList\",\"@id\":\"https:\/\/scorpio.servicevision.es\/es\/producto\/gruas-y-cabezas\/vehiculos-para-gruas-telescopicas\/scorpio-mobile-base\/#breadcrumb\",\"itemListElement\":[{\"@type\":\"ListItem\",\"position\":1,\"name\":\"Portada\",\"item\":\"https:\/\/scorpio.servicevision.es\/es\/\"},{\"@type\":\"ListItem\",\"position\":2,\"name\":\"Shop\",\"item\":\"https:\/\/scorpio.servicevision.es\/en\/shop\/\"},{\"@type\":\"ListItem\",\"position\":3,\"name\":\"SCORPIO MOBILE BASE\"}]},{\"@type\":\"WebSite\",\"@id\":\"https:\/\/scorpio.servicevision.es\/es\/#website\",\"url\":\"https:\/\/scorpio.servicevision.es\/es\/\",\"name\":\"Scorpio\",\"description\":\"Scorpio, fabricaci\u00f3n y venta de equipos para rodajes cinematogr\u00e1ficos\",\"potentialAction\":[{\"@type\":\"SearchAction\",\"target\":{\"@type\":\"EntryPoint\",\"urlTemplate\":\"https:\/\/scorpio.servicevision.es\/es\/?s={search_term_string}\"},\"query-input\":{\"@type\":\"PropertyValueSpecification\",\"valueRequired\":true,\"valueName\":\"search_term_string\"}}],\"inLanguage\":\"es\"}]}<\/script>\n<!-- \/ Yoast SEO plugin. -->","yoast_head_json":{"title":"Veh\u00edculos y gruas para rodajes - Compra de SCORPIO MOBILE BASE - Scorpio","description":"Compra de Veh\u00edculos y gruas para rodajes - SCORPIO MOBILE BASE. Consultas y soporte t\u00e9cnico en Servicevision, fabricaci\u00f3n y compra de equipos para rodajes cinematogr\u00e1ficos.","robots":{"index":"index","follow":"follow","max-snippet":"max-snippet:-1","max-image-preview":"max-image-preview:large","max-video-preview":"max-video-preview:-1"},"canonical":"https:\/\/scorpio.servicevision.es\/es\/producto\/gruas-y-cabezas\/vehiculos-para-gruas-telescopicas\/scorpio-mobile-base\/","og_locale":"es_ES","og_type":"article","og_title":"Veh\u00edculos y gruas para rodajes - Compra de SCORPIO MOBILE BASE - Scorpio","og_description":"Compra de Veh\u00edculos y gruas para rodajes - SCORPIO MOBILE BASE. Consultas y soporte t\u00e9cnico en Servicevision, fabricaci\u00f3n y compra de equipos para rodajes cinematogr\u00e1ficos.","og_url":"https:\/\/scorpio.servicevision.es\/es\/producto\/gruas-y-cabezas\/vehiculos-para-gruas-telescopicas\/scorpio-mobile-base\/","og_site_name":"Scorpio","article_modified_time":"2022-02-09T17:40:03+00:00","twitter_card":"summary_large_image","schema":{"@context":"https:\/\/schema.org","@graph":[{"@type":"WebPage","@id":"https:\/\/scorpio.servicevision.es\/es\/producto\/gruas-y-cabezas\/vehiculos-para-gruas-telescopicas\/scorpio-mobile-base\/","url":"https:\/\/scorpio.servicevision.es\/es\/producto\/gruas-y-cabezas\/vehiculos-para-gruas-telescopicas\/scorpio-mobile-base\/","name":"Veh\u00edculos y gruas para rodajes - Compra de SCORPIO MOBILE BASE - Scorpio","isPartOf":{"@id":"https:\/\/scorpio.servicevision.es\/es\/#website"},"datePublished":"2022-02-09T17:40:02+00:00","dateModified":"2022-02-09T17:40:03+00:00","description":"Compra de Veh\u00edculos y gruas para rodajes - SCORPIO MOBILE BASE. Consultas y soporte t\u00e9cnico en Servicevision, fabricaci\u00f3n y compra de equipos para rodajes cinematogr\u00e1ficos.","breadcrumb":{"@id":"https:\/\/scorpio.servicevision.es\/es\/producto\/gruas-y-cabezas\/vehiculos-para-gruas-telescopicas\/scorpio-mobile-base\/#breadcrumb"},"inLanguage":"es","potentialAction":[{"@type":"ReadAction","target":["https:\/\/scorpio.servicevision.es\/es\/producto\/gruas-y-cabezas\/vehiculos-para-gruas-telescopicas\/scorpio-mobile-base\/"]}]},{"@type":"BreadcrumbList","@id":"https:\/\/scorpio.servicevision.es\/es\/producto\/gruas-y-cabezas\/vehiculos-para-gruas-telescopicas\/scorpio-mobile-base\/#breadcrumb","itemListElement":[{"@type":"ListItem","position":1,"name":"Portada","item":"https:\/\/scorpio.servicevision.es\/es\/"},{"@type":"ListItem","position":2,"name":"Shop","item":"https:\/\/scorpio.servicevision.es\/en\/shop\/"},{"@type":"ListItem","position":3,"name":"SCORPIO MOBILE BASE"}]},{"@type":"WebSite","@id":"https:\/\/scorpio.servicevision.es\/es\/#website","url":"https:\/\/scorpio.servicevision.es\/es\/","name":"Scorpio","description":"Scorpio, fabricaci\u00f3n y venta de equipos para rodajes cinematogr\u00e1ficos","potentialAction":[{"@type":"SearchAction","target":{"@type":"EntryPoint","urlTemplate":"https:\/\/scorpio.servicevision.es\/es\/?s={search_term_string}"},"query-input":{"@type":"PropertyValueSpecification","valueRequired":true,"valueName":"search_term_string"}}],"inLanguage":"es"}]}},"_links":{"self":[{"href":"https:\/\/scorpio.servicevision.es\/es\/wp-json\/wp\/v2\/product\/5733","targetHints":{"allow":["GET"]}}],"collection":[{"href":"https:\/\/scorpio.servicevision.es\/es\/wp-json\/wp\/v2\/product"}],"about":[{"href":"https:\/\/scorpio.servicevision.es\/es\/wp-json\/wp\/v2\/types\/product"}],"wp:attachment":[{"href":"https:\/\/scorpio.servicevision.es\/es\/wp-json\/wp\/v2\/media?parent=5733"}],"wp:term":[{"taxonomy":"product_cat","embeddable":true,"href":"https:\/\/scorpio.servicevision.es\/es\/wp-json\/wp\/v2\/product_cat?post=5733"},{"taxonomy":"product_tag","embeddable":true,"href":"https:\/\/scorpio.servicevision.es\/es\/wp-json\/wp\/v2\/product_tag?post=5733"}],"curies":[{"name":"wp","href":"https:\/\/api.w.org\/{rel}","templated":true}]}}