{"id":5730,"date":"2022-02-09T17:38:26","date_gmt":"2022-02-09T17:38:26","guid":{"rendered":"https:\/\/scorpio.servicevision.es\/?post_type=product&#038;p=5730"},"modified":"2022-12-21T15:27:52","modified_gmt":"2022-12-21T15:27:52","slug":"scorpio-video-lens-control","status":"publish","type":"product","link":"https:\/\/scorpio.servicevision.es\/es\/producto\/gruas-y-cabezas\/control-de-lentes\/scorpio-video-lens-control\/","title":{"rendered":"SCORPIO VIDEO LENS CONTROL"},"content":{"rendered":"","protected":false},"excerpt":{"rendered":"<p>SERVO LENS DIGITAL SLD es un revolucionario sistema dise\u00f1ado por SERVICEVISION capaz de controlar digitalmente hasta dos motores con una sola electr\u00f3nica.<\/p>\n<p>Concebido como el hermano peque\u00f1o del sistema de foco por radio de la misma marca, conserva la m\u00e1xima precisi\u00f3n en el control de los motores, as\u00ed como la velocidad de los mismos y el trato respetuoso hacia las lentes.<\/p>\n<p>Siempre usando la m\u00e1s alta tecnolog\u00eda se ha conseguido un tama\u00f1o reducido adaptable a todo tipo de c\u00e1maras tanto de v\u00eddeo como de cine as\u00ed como la posibilidad de alargar los controles de Foco y de Zoom hasta un m\u00e1ximo de 15 metros (45 pies).<\/p>\n","protected":false},"featured_media":6303,"template":"","meta":{"ngg_post_thumbnail":0},"product_cat":[766],"product_tag":[],"class_list":["post-5730","product","type-product","status-publish","has-post-thumbnail","hentry","product_cat-control-de-lentes","col-xs-6 col-sm-4","col-mf-5","un--cols"],"yoast_head":"<!-- This site is optimized with the Yoast SEO plugin v27.2 - https:\/\/yoast.com\/product\/yoast-seo-wordpress\/ -->\n<title>Veh\u00edculos y gruas para rodajes - Compra de SCORPIO VIDEO LENS CONTROL - Scorpio<\/title>\n<meta name=\"description\" content=\"Compra de Veh\u00edculos y gruas para rodajes - SCORPIO VIDEO LENS CONTROL. Consultas y soporte t\u00e9cnico en Servicevision, fabricaci\u00f3n y compra de equipos para rodajes cinematogr\u00e1ficos.\" \/>\n<meta name=\"robots\" content=\"index, follow, max-snippet:-1, max-image-preview:large, max-video-preview:-1\" \/>\n<link rel=\"canonical\" href=\"https:\/\/scorpio.servicevision.es\/es\/producto\/gruas-y-cabezas\/control-de-lentes\/scorpio-video-lens-control\/\" \/>\n<meta property=\"og:locale\" content=\"es_ES\" \/>\n<meta property=\"og:type\" content=\"article\" \/>\n<meta property=\"og:title\" content=\"Veh\u00edculos y gruas para rodajes - Compra de SCORPIO VIDEO LENS CONTROL - Scorpio\" \/>\n<meta property=\"og:description\" content=\"Compra de Veh\u00edculos y gruas para rodajes - SCORPIO VIDEO LENS CONTROL. Consultas y soporte t\u00e9cnico en Servicevision, fabricaci\u00f3n y compra de equipos para rodajes cinematogr\u00e1ficos.\" \/>\n<meta property=\"og:url\" content=\"https:\/\/scorpio.servicevision.es\/es\/producto\/gruas-y-cabezas\/control-de-lentes\/scorpio-video-lens-control\/\" \/>\n<meta property=\"og:site_name\" content=\"Scorpio\" \/>\n<meta property=\"article:modified_time\" content=\"2022-12-21T15:27:52+00:00\" \/>\n<meta property=\"og:image\" content=\"https:\/\/scorpio.servicevision.es\/wp-content\/uploads\/2022\/02\/Box.jpg\" \/>\n\t<meta property=\"og:image:width\" content=\"1000\" \/>\n\t<meta property=\"og:image:height\" content=\"669\" \/>\n\t<meta property=\"og:image:type\" content=\"image\/jpeg\" \/>\n<meta name=\"twitter:card\" content=\"summary_large_image\" \/>\n<script type=\"application\/ld+json\" class=\"yoast-schema-graph\">{\"@context\":\"https:\/\/schema.org\",\"@graph\":[{\"@type\":\"WebPage\",\"@id\":\"https:\/\/scorpio.servicevision.es\/es\/producto\/gruas-y-cabezas\/control-de-lentes\/scorpio-video-lens-control\/\",\"url\":\"https:\/\/scorpio.servicevision.es\/es\/producto\/gruas-y-cabezas\/control-de-lentes\/scorpio-video-lens-control\/\",\"name\":\"Veh\u00edculos y gruas para rodajes - Compra de SCORPIO VIDEO LENS CONTROL - Scorpio\",\"isPartOf\":{\"@id\":\"https:\/\/scorpio.servicevision.es\/es\/#website\"},\"primaryImageOfPage\":{\"@id\":\"https:\/\/scorpio.servicevision.es\/es\/producto\/gruas-y-cabezas\/control-de-lentes\/scorpio-video-lens-control\/#primaryimage\"},\"image\":{\"@id\":\"https:\/\/scorpio.servicevision.es\/es\/producto\/gruas-y-cabezas\/control-de-lentes\/scorpio-video-lens-control\/#primaryimage\"},\"thumbnailUrl\":\"https:\/\/scorpio.servicevision.es\/wp-content\/uploads\/2022\/02\/Box.jpg\",\"datePublished\":\"2022-02-09T17:38:26+00:00\",\"dateModified\":\"2022-12-21T15:27:52+00:00\",\"description\":\"Compra de Veh\u00edculos y gruas para rodajes - SCORPIO VIDEO LENS CONTROL. Consultas y soporte t\u00e9cnico en Servicevision, fabricaci\u00f3n y compra de equipos para rodajes cinematogr\u00e1ficos.\",\"breadcrumb\":{\"@id\":\"https:\/\/scorpio.servicevision.es\/es\/producto\/gruas-y-cabezas\/control-de-lentes\/scorpio-video-lens-control\/#breadcrumb\"},\"inLanguage\":\"es\",\"potentialAction\":[{\"@type\":\"ReadAction\",\"target\":[\"https:\/\/scorpio.servicevision.es\/es\/producto\/gruas-y-cabezas\/control-de-lentes\/scorpio-video-lens-control\/\"]}]},{\"@type\":\"ImageObject\",\"inLanguage\":\"es\",\"@id\":\"https:\/\/scorpio.servicevision.es\/es\/producto\/gruas-y-cabezas\/control-de-lentes\/scorpio-video-lens-control\/#primaryimage\",\"url\":\"https:\/\/scorpio.servicevision.es\/wp-content\/uploads\/2022\/02\/Box.jpg\",\"contentUrl\":\"https:\/\/scorpio.servicevision.es\/wp-content\/uploads\/2022\/02\/Box.jpg\",\"width\":1000,\"height\":669},{\"@type\":\"BreadcrumbList\",\"@id\":\"https:\/\/scorpio.servicevision.es\/es\/producto\/gruas-y-cabezas\/control-de-lentes\/scorpio-video-lens-control\/#breadcrumb\",\"itemListElement\":[{\"@type\":\"ListItem\",\"position\":1,\"name\":\"Portada\",\"item\":\"https:\/\/scorpio.servicevision.es\/es\/\"},{\"@type\":\"ListItem\",\"position\":2,\"name\":\"Shop\",\"item\":\"https:\/\/scorpio.servicevision.es\/en\/shop\/\"},{\"@type\":\"ListItem\",\"position\":3,\"name\":\"SCORPIO VIDEO LENS CONTROL\"}]},{\"@type\":\"WebSite\",\"@id\":\"https:\/\/scorpio.servicevision.es\/es\/#website\",\"url\":\"https:\/\/scorpio.servicevision.es\/es\/\",\"name\":\"Scorpio\",\"description\":\"Scorpio, fabricaci\u00f3n y venta de equipos para rodajes cinematogr\u00e1ficos\",\"potentialAction\":[{\"@type\":\"SearchAction\",\"target\":{\"@type\":\"EntryPoint\",\"urlTemplate\":\"https:\/\/scorpio.servicevision.es\/es\/?s={search_term_string}\"},\"query-input\":{\"@type\":\"PropertyValueSpecification\",\"valueRequired\":true,\"valueName\":\"search_term_string\"}}],\"inLanguage\":\"es\"}]}<\/script>\n<!-- \/ Yoast SEO plugin. -->","yoast_head_json":{"title":"Veh\u00edculos y gruas para rodajes - Compra de SCORPIO VIDEO LENS CONTROL - Scorpio","description":"Compra de Veh\u00edculos y gruas para rodajes - SCORPIO VIDEO LENS CONTROL. Consultas y soporte t\u00e9cnico en Servicevision, fabricaci\u00f3n y compra de equipos para rodajes cinematogr\u00e1ficos.","robots":{"index":"index","follow":"follow","max-snippet":"max-snippet:-1","max-image-preview":"max-image-preview:large","max-video-preview":"max-video-preview:-1"},"canonical":"https:\/\/scorpio.servicevision.es\/es\/producto\/gruas-y-cabezas\/control-de-lentes\/scorpio-video-lens-control\/","og_locale":"es_ES","og_type":"article","og_title":"Veh\u00edculos y gruas para rodajes - Compra de SCORPIO VIDEO LENS CONTROL - Scorpio","og_description":"Compra de Veh\u00edculos y gruas para rodajes - SCORPIO VIDEO LENS CONTROL. Consultas y soporte t\u00e9cnico en Servicevision, fabricaci\u00f3n y compra de equipos para rodajes cinematogr\u00e1ficos.","og_url":"https:\/\/scorpio.servicevision.es\/es\/producto\/gruas-y-cabezas\/control-de-lentes\/scorpio-video-lens-control\/","og_site_name":"Scorpio","article_modified_time":"2022-12-21T15:27:52+00:00","og_image":[{"width":1000,"height":669,"url":"https:\/\/scorpio.servicevision.es\/wp-content\/uploads\/2022\/02\/Box.jpg","type":"image\/jpeg"}],"twitter_card":"summary_large_image","schema":{"@context":"https:\/\/schema.org","@graph":[{"@type":"WebPage","@id":"https:\/\/scorpio.servicevision.es\/es\/producto\/gruas-y-cabezas\/control-de-lentes\/scorpio-video-lens-control\/","url":"https:\/\/scorpio.servicevision.es\/es\/producto\/gruas-y-cabezas\/control-de-lentes\/scorpio-video-lens-control\/","name":"Veh\u00edculos y gruas para rodajes - Compra de SCORPIO VIDEO LENS CONTROL - Scorpio","isPartOf":{"@id":"https:\/\/scorpio.servicevision.es\/es\/#website"},"primaryImageOfPage":{"@id":"https:\/\/scorpio.servicevision.es\/es\/producto\/gruas-y-cabezas\/control-de-lentes\/scorpio-video-lens-control\/#primaryimage"},"image":{"@id":"https:\/\/scorpio.servicevision.es\/es\/producto\/gruas-y-cabezas\/control-de-lentes\/scorpio-video-lens-control\/#primaryimage"},"thumbnailUrl":"https:\/\/scorpio.servicevision.es\/wp-content\/uploads\/2022\/02\/Box.jpg","datePublished":"2022-02-09T17:38:26+00:00","dateModified":"2022-12-21T15:27:52+00:00","description":"Compra de Veh\u00edculos y gruas para rodajes - SCORPIO VIDEO LENS CONTROL. Consultas y soporte t\u00e9cnico en Servicevision, fabricaci\u00f3n y compra de equipos para rodajes cinematogr\u00e1ficos.","breadcrumb":{"@id":"https:\/\/scorpio.servicevision.es\/es\/producto\/gruas-y-cabezas\/control-de-lentes\/scorpio-video-lens-control\/#breadcrumb"},"inLanguage":"es","potentialAction":[{"@type":"ReadAction","target":["https:\/\/scorpio.servicevision.es\/es\/producto\/gruas-y-cabezas\/control-de-lentes\/scorpio-video-lens-control\/"]}]},{"@type":"ImageObject","inLanguage":"es","@id":"https:\/\/scorpio.servicevision.es\/es\/producto\/gruas-y-cabezas\/control-de-lentes\/scorpio-video-lens-control\/#primaryimage","url":"https:\/\/scorpio.servicevision.es\/wp-content\/uploads\/2022\/02\/Box.jpg","contentUrl":"https:\/\/scorpio.servicevision.es\/wp-content\/uploads\/2022\/02\/Box.jpg","width":1000,"height":669},{"@type":"BreadcrumbList","@id":"https:\/\/scorpio.servicevision.es\/es\/producto\/gruas-y-cabezas\/control-de-lentes\/scorpio-video-lens-control\/#breadcrumb","itemListElement":[{"@type":"ListItem","position":1,"name":"Portada","item":"https:\/\/scorpio.servicevision.es\/es\/"},{"@type":"ListItem","position":2,"name":"Shop","item":"https:\/\/scorpio.servicevision.es\/en\/shop\/"},{"@type":"ListItem","position":3,"name":"SCORPIO VIDEO LENS CONTROL"}]},{"@type":"WebSite","@id":"https:\/\/scorpio.servicevision.es\/es\/#website","url":"https:\/\/scorpio.servicevision.es\/es\/","name":"Scorpio","description":"Scorpio, fabricaci\u00f3n y venta de equipos para rodajes cinematogr\u00e1ficos","potentialAction":[{"@type":"SearchAction","target":{"@type":"EntryPoint","urlTemplate":"https:\/\/scorpio.servicevision.es\/es\/?s={search_term_string}"},"query-input":{"@type":"PropertyValueSpecification","valueRequired":true,"valueName":"search_term_string"}}],"inLanguage":"es"}]}},"_links":{"self":[{"href":"https:\/\/scorpio.servicevision.es\/es\/wp-json\/wp\/v2\/product\/5730","targetHints":{"allow":["GET"]}}],"collection":[{"href":"https:\/\/scorpio.servicevision.es\/es\/wp-json\/wp\/v2\/product"}],"about":[{"href":"https:\/\/scorpio.servicevision.es\/es\/wp-json\/wp\/v2\/types\/product"}],"wp:featuredmedia":[{"embeddable":true,"href":"https:\/\/scorpio.servicevision.es\/es\/wp-json\/wp\/v2\/media\/6303"}],"wp:attachment":[{"href":"https:\/\/scorpio.servicevision.es\/es\/wp-json\/wp\/v2\/media?parent=5730"}],"wp:term":[{"taxonomy":"product_cat","embeddable":true,"href":"https:\/\/scorpio.servicevision.es\/es\/wp-json\/wp\/v2\/product_cat?post=5730"},{"taxonomy":"product_tag","embeddable":true,"href":"https:\/\/scorpio.servicevision.es\/es\/wp-json\/wp\/v2\/product_tag?post=5730"}],"curies":[{"name":"wp","href":"https:\/\/api.w.org\/{rel}","templated":true}]}}