{"id":1549,"date":"2019-05-21T22:26:10","date_gmt":"2019-05-21T22:26:10","guid":{"rendered":"http:\/\/servicevisionalq.bcntic.com\/?post_type=product&#038;p=1549"},"modified":"2021-09-13T15:06:22","modified_gmt":"2021-09-13T15:06:22","slug":"canon-prime-k-35-rehoused-tls","status":"publish","type":"product","link":"https:\/\/scorpio.servicevision.es\/es\/producto\/opticas\/objetivos-y-zooms\/esfericos\/canon-prime-k-35-rehoused-tls\/","title":{"rendered":"Canon Prime K-35 Rehoused TLS"},"content":{"rendered":"","protected":false},"excerpt":{"rendered":"","protected":false},"featured_media":4857,"template":"","meta":{"ngg_post_thumbnail":0},"product_cat":[15,22,88],"product_tag":[],"class_list":["post-1549","product","type-product","status-publish","has-post-thumbnail","hentry","product_cat-opticas","product_cat-objetivos-y-zooms","product_cat-esfericos","col-xs-6 col-sm-4","col-mf-5","un--cols"],"yoast_head":"<!-- This site is optimized with the Yoast SEO plugin v27.2 - https:\/\/yoast.com\/product\/yoast-seo-wordpress\/ -->\n<title>C\u00e1maras Canon Prime K-35 Rehoused TLS - Scorpio<\/title>\n<meta name=\"description\" content=\"Compra de C\u00e1maras - objetivos y zooms esf\u00e9ricos: Canon Prime K-35 Rehoused TLS. Consultas y soporte t\u00e9cnico en Servicevision, fabricaci\u00f3n y compra de equipos para rodajes cinematogr\u00e1ficos.\" \/>\n<meta name=\"robots\" content=\"index, follow, max-snippet:-1, max-image-preview:large, max-video-preview:-1\" \/>\n<link rel=\"canonical\" href=\"https:\/\/scorpio.servicevision.es\/es\/producto\/opticas\/objetivos-y-zooms\/esfericos\/canon-prime-k-35-rehoused-tls\/\" \/>\n<meta property=\"og:locale\" content=\"es_ES\" \/>\n<meta property=\"og:type\" content=\"article\" \/>\n<meta property=\"og:title\" content=\"C\u00e1maras Canon Prime K-35 Rehoused TLS - Scorpio\" \/>\n<meta property=\"og:description\" content=\"Compra de C\u00e1maras - objetivos y zooms esf\u00e9ricos: Canon Prime K-35 Rehoused TLS. Consultas y soporte t\u00e9cnico en Servicevision, fabricaci\u00f3n y compra de equipos para rodajes cinematogr\u00e1ficos.\" \/>\n<meta property=\"og:url\" content=\"https:\/\/scorpio.servicevision.es\/es\/producto\/opticas\/objetivos-y-zooms\/esfericos\/canon-prime-k-35-rehoused-tls\/\" \/>\n<meta property=\"og:site_name\" content=\"Scorpio\" \/>\n<meta property=\"article:modified_time\" content=\"2021-09-13T15:06:22+00:00\" \/>\n<meta property=\"og:image\" content=\"https:\/\/scorpio.servicevision.es\/wp-content\/uploads\/2019\/05\/019_Canon_K35.png\" \/>\n\t<meta property=\"og:image:width\" content=\"660\" \/>\n\t<meta property=\"og:image:height\" content=\"334\" \/>\n\t<meta property=\"og:image:type\" content=\"image\/png\" \/>\n<meta name=\"twitter:card\" content=\"summary_large_image\" \/>\n<script type=\"application\/ld+json\" class=\"yoast-schema-graph\">{\"@context\":\"https:\/\/schema.org\",\"@graph\":[{\"@type\":\"WebPage\",\"@id\":\"https:\/\/scorpio.servicevision.es\/es\/producto\/opticas\/objetivos-y-zooms\/esfericos\/canon-prime-k-35-rehoused-tls\/\",\"url\":\"https:\/\/scorpio.servicevision.es\/es\/producto\/opticas\/objetivos-y-zooms\/esfericos\/canon-prime-k-35-rehoused-tls\/\",\"name\":\"C\u00e1maras Canon Prime K-35 Rehoused TLS - Scorpio\",\"isPartOf\":{\"@id\":\"https:\/\/scorpio.servicevision.es\/es\/#website\"},\"primaryImageOfPage\":{\"@id\":\"https:\/\/scorpio.servicevision.es\/es\/producto\/opticas\/objetivos-y-zooms\/esfericos\/canon-prime-k-35-rehoused-tls\/#primaryimage\"},\"image\":{\"@id\":\"https:\/\/scorpio.servicevision.es\/es\/producto\/opticas\/objetivos-y-zooms\/esfericos\/canon-prime-k-35-rehoused-tls\/#primaryimage\"},\"thumbnailUrl\":\"https:\/\/scorpio.servicevision.es\/wp-content\/uploads\/2019\/05\/019_Canon_K35.png\",\"datePublished\":\"2019-05-21T22:26:10+00:00\",\"dateModified\":\"2021-09-13T15:06:22+00:00\",\"description\":\"Compra de C\u00e1maras - objetivos y zooms esf\u00e9ricos: Canon Prime K-35 Rehoused TLS. Consultas y soporte t\u00e9cnico en Servicevision, fabricaci\u00f3n y compra de equipos para rodajes cinematogr\u00e1ficos.\",\"breadcrumb\":{\"@id\":\"https:\/\/scorpio.servicevision.es\/es\/producto\/opticas\/objetivos-y-zooms\/esfericos\/canon-prime-k-35-rehoused-tls\/#breadcrumb\"},\"inLanguage\":\"es\",\"potentialAction\":[{\"@type\":\"ReadAction\",\"target\":[\"https:\/\/scorpio.servicevision.es\/es\/producto\/opticas\/objetivos-y-zooms\/esfericos\/canon-prime-k-35-rehoused-tls\/\"]}]},{\"@type\":\"ImageObject\",\"inLanguage\":\"es\",\"@id\":\"https:\/\/scorpio.servicevision.es\/es\/producto\/opticas\/objetivos-y-zooms\/esfericos\/canon-prime-k-35-rehoused-tls\/#primaryimage\",\"url\":\"https:\/\/scorpio.servicevision.es\/wp-content\/uploads\/2019\/05\/019_Canon_K35.png\",\"contentUrl\":\"https:\/\/scorpio.servicevision.es\/wp-content\/uploads\/2019\/05\/019_Canon_K35.png\",\"width\":660,\"height\":334},{\"@type\":\"BreadcrumbList\",\"@id\":\"https:\/\/scorpio.servicevision.es\/es\/producto\/opticas\/objetivos-y-zooms\/esfericos\/canon-prime-k-35-rehoused-tls\/#breadcrumb\",\"itemListElement\":[{\"@type\":\"ListItem\",\"position\":1,\"name\":\"Portada\",\"item\":\"https:\/\/scorpio.servicevision.es\/es\/\"},{\"@type\":\"ListItem\",\"position\":2,\"name\":\"Shop\",\"item\":\"https:\/\/scorpio.servicevision.es\/en\/shop\/\"},{\"@type\":\"ListItem\",\"position\":3,\"name\":\"Canon Prime K-35 Rehoused TLS\"}]},{\"@type\":\"WebSite\",\"@id\":\"https:\/\/scorpio.servicevision.es\/es\/#website\",\"url\":\"https:\/\/scorpio.servicevision.es\/es\/\",\"name\":\"Scorpio\",\"description\":\"Scorpio, fabricaci\u00f3n y venta de equipos para rodajes cinematogr\u00e1ficos\",\"potentialAction\":[{\"@type\":\"SearchAction\",\"target\":{\"@type\":\"EntryPoint\",\"urlTemplate\":\"https:\/\/scorpio.servicevision.es\/es\/?s={search_term_string}\"},\"query-input\":{\"@type\":\"PropertyValueSpecification\",\"valueRequired\":true,\"valueName\":\"search_term_string\"}}],\"inLanguage\":\"es\"}]}<\/script>\n<!-- \/ Yoast SEO plugin. -->","yoast_head_json":{"title":"C\u00e1maras Canon Prime K-35 Rehoused TLS - Scorpio","description":"Compra de C\u00e1maras - objetivos y zooms esf\u00e9ricos: Canon Prime K-35 Rehoused TLS. Consultas y soporte t\u00e9cnico en Servicevision, fabricaci\u00f3n y compra de equipos para rodajes cinematogr\u00e1ficos.","robots":{"index":"index","follow":"follow","max-snippet":"max-snippet:-1","max-image-preview":"max-image-preview:large","max-video-preview":"max-video-preview:-1"},"canonical":"https:\/\/scorpio.servicevision.es\/es\/producto\/opticas\/objetivos-y-zooms\/esfericos\/canon-prime-k-35-rehoused-tls\/","og_locale":"es_ES","og_type":"article","og_title":"C\u00e1maras Canon Prime K-35 Rehoused TLS - Scorpio","og_description":"Compra de C\u00e1maras - objetivos y zooms esf\u00e9ricos: Canon Prime K-35 Rehoused TLS. Consultas y soporte t\u00e9cnico en Servicevision, fabricaci\u00f3n y compra de equipos para rodajes cinematogr\u00e1ficos.","og_url":"https:\/\/scorpio.servicevision.es\/es\/producto\/opticas\/objetivos-y-zooms\/esfericos\/canon-prime-k-35-rehoused-tls\/","og_site_name":"Scorpio","article_modified_time":"2021-09-13T15:06:22+00:00","og_image":[{"width":660,"height":334,"url":"https:\/\/scorpio.servicevision.es\/wp-content\/uploads\/2019\/05\/019_Canon_K35.png","type":"image\/png"}],"twitter_card":"summary_large_image","schema":{"@context":"https:\/\/schema.org","@graph":[{"@type":"WebPage","@id":"https:\/\/scorpio.servicevision.es\/es\/producto\/opticas\/objetivos-y-zooms\/esfericos\/canon-prime-k-35-rehoused-tls\/","url":"https:\/\/scorpio.servicevision.es\/es\/producto\/opticas\/objetivos-y-zooms\/esfericos\/canon-prime-k-35-rehoused-tls\/","name":"C\u00e1maras Canon Prime K-35 Rehoused TLS - Scorpio","isPartOf":{"@id":"https:\/\/scorpio.servicevision.es\/es\/#website"},"primaryImageOfPage":{"@id":"https:\/\/scorpio.servicevision.es\/es\/producto\/opticas\/objetivos-y-zooms\/esfericos\/canon-prime-k-35-rehoused-tls\/#primaryimage"},"image":{"@id":"https:\/\/scorpio.servicevision.es\/es\/producto\/opticas\/objetivos-y-zooms\/esfericos\/canon-prime-k-35-rehoused-tls\/#primaryimage"},"thumbnailUrl":"https:\/\/scorpio.servicevision.es\/wp-content\/uploads\/2019\/05\/019_Canon_K35.png","datePublished":"2019-05-21T22:26:10+00:00","dateModified":"2021-09-13T15:06:22+00:00","description":"Compra de C\u00e1maras - objetivos y zooms esf\u00e9ricos: Canon Prime K-35 Rehoused TLS. Consultas y soporte t\u00e9cnico en Servicevision, fabricaci\u00f3n y compra de equipos para rodajes cinematogr\u00e1ficos.","breadcrumb":{"@id":"https:\/\/scorpio.servicevision.es\/es\/producto\/opticas\/objetivos-y-zooms\/esfericos\/canon-prime-k-35-rehoused-tls\/#breadcrumb"},"inLanguage":"es","potentialAction":[{"@type":"ReadAction","target":["https:\/\/scorpio.servicevision.es\/es\/producto\/opticas\/objetivos-y-zooms\/esfericos\/canon-prime-k-35-rehoused-tls\/"]}]},{"@type":"ImageObject","inLanguage":"es","@id":"https:\/\/scorpio.servicevision.es\/es\/producto\/opticas\/objetivos-y-zooms\/esfericos\/canon-prime-k-35-rehoused-tls\/#primaryimage","url":"https:\/\/scorpio.servicevision.es\/wp-content\/uploads\/2019\/05\/019_Canon_K35.png","contentUrl":"https:\/\/scorpio.servicevision.es\/wp-content\/uploads\/2019\/05\/019_Canon_K35.png","width":660,"height":334},{"@type":"BreadcrumbList","@id":"https:\/\/scorpio.servicevision.es\/es\/producto\/opticas\/objetivos-y-zooms\/esfericos\/canon-prime-k-35-rehoused-tls\/#breadcrumb","itemListElement":[{"@type":"ListItem","position":1,"name":"Portada","item":"https:\/\/scorpio.servicevision.es\/es\/"},{"@type":"ListItem","position":2,"name":"Shop","item":"https:\/\/scorpio.servicevision.es\/en\/shop\/"},{"@type":"ListItem","position":3,"name":"Canon Prime K-35 Rehoused TLS"}]},{"@type":"WebSite","@id":"https:\/\/scorpio.servicevision.es\/es\/#website","url":"https:\/\/scorpio.servicevision.es\/es\/","name":"Scorpio","description":"Scorpio, fabricaci\u00f3n y venta de equipos para rodajes cinematogr\u00e1ficos","potentialAction":[{"@type":"SearchAction","target":{"@type":"EntryPoint","urlTemplate":"https:\/\/scorpio.servicevision.es\/es\/?s={search_term_string}"},"query-input":{"@type":"PropertyValueSpecification","valueRequired":true,"valueName":"search_term_string"}}],"inLanguage":"es"}]}},"_links":{"self":[{"href":"https:\/\/scorpio.servicevision.es\/es\/wp-json\/wp\/v2\/product\/1549","targetHints":{"allow":["GET"]}}],"collection":[{"href":"https:\/\/scorpio.servicevision.es\/es\/wp-json\/wp\/v2\/product"}],"about":[{"href":"https:\/\/scorpio.servicevision.es\/es\/wp-json\/wp\/v2\/types\/product"}],"wp:featuredmedia":[{"embeddable":true,"href":"https:\/\/scorpio.servicevision.es\/es\/wp-json\/wp\/v2\/media\/4857"}],"wp:attachment":[{"href":"https:\/\/scorpio.servicevision.es\/es\/wp-json\/wp\/v2\/media?parent=1549"}],"wp:term":[{"taxonomy":"product_cat","embeddable":true,"href":"https:\/\/scorpio.servicevision.es\/es\/wp-json\/wp\/v2\/product_cat?post=1549"},{"taxonomy":"product_tag","embeddable":true,"href":"https:\/\/scorpio.servicevision.es\/es\/wp-json\/wp\/v2\/product_tag?post=1549"}],"curies":[{"name":"wp","href":"https:\/\/api.w.org\/{rel}","templated":true}]}}