{"id":1232,"date":"2019-05-08T19:56:30","date_gmt":"2019-05-08T19:56:30","guid":{"rendered":"http:\/\/servicevisionalq.bcntic.com\/?post_type=product&#038;p=1232"},"modified":"2022-02-09T18:43:52","modified_gmt":"2022-02-09T18:43:52","slug":"scorpio-23","status":"publish","type":"product","link":"https:\/\/scorpio.servicevision.es\/es\/producto\/gruas-y-cabezas\/gruas-telescopicas\/scorpio-23\/scorpio-23\/","title":{"rendered":"SCORPIO 23&#8242;"},"content":{"rendered":"","protected":false},"excerpt":{"rendered":"<p><strong>Sistema para rastrear la posici\u00f3n de la c\u00e1mara en 3D<\/strong><\/p>\n<p>Es un sistema de seguimiento de c\u00e1mara para estudio virtual y realidad aumentada. Las gr\u00faas, cabezas y viajes Scorpio pueden realizar el seguimiento de la c\u00e1mara con el sistema de integraci\u00f3n para la realidad aumentada en tiempo real y la transmisi\u00f3n de estudio virtual.<br \/>\nPosibilidad de interconexi\u00f3n entre la cabeza del Scorpio y la gr\u00faa, lo que nos permite realizar un giro hacia atr\u00e1s, la cabeza seguir\u00e1 un objetivo, previamente elegido al establecer la distancia, de acuerdo con los movimientos de la gr\u00faa (movimientos de giro, inclinaci\u00f3n y telesc\u00f3pico).<\/p>\n","protected":false},"featured_media":2399,"template":"","meta":{"ngg_post_thumbnail":0},"product_cat":[112],"product_tag":[],"class_list":["post-1232","product","type-product","status-publish","has-post-thumbnail","hentry","product_cat-scorpio-23","col-xs-6 col-sm-4","col-mf-5","un--cols"],"yoast_head":"<!-- This site is optimized with the Yoast SEO plugin v27.2 - https:\/\/yoast.com\/product\/yoast-seo-wordpress\/ -->\n<title>Veh\u00edculos y gruas para rodajes - Compra de SCORPIO 23 - Scorpio<\/title>\n<meta name=\"description\" content=\"Compra de Veh\u00edculos y gruas para rodajes - scorpio 23: SCORPIO 23. Consultas y soporte t\u00e9cnico en Servicevision, fabricaci\u00f3n y compra de equipos para rodajes cinematogr\u00e1ficos.\" \/>\n<meta name=\"robots\" content=\"index, follow, max-snippet:-1, max-image-preview:large, max-video-preview:-1\" \/>\n<link rel=\"canonical\" href=\"https:\/\/scorpio.servicevision.es\/es\/producto\/gruas-y-cabezas\/gruas-telescopicas\/scorpio-23\/scorpio-23\/\" \/>\n<meta property=\"og:locale\" content=\"es_ES\" \/>\n<meta property=\"og:type\" content=\"article\" \/>\n<meta property=\"og:title\" content=\"Veh\u00edculos y gruas para rodajes - Compra de SCORPIO 23 - Scorpio\" \/>\n<meta property=\"og:description\" content=\"Compra de Veh\u00edculos y gruas para rodajes - scorpio 23: SCORPIO 23. Consultas y soporte t\u00e9cnico en Servicevision, fabricaci\u00f3n y compra de equipos para rodajes cinematogr\u00e1ficos.\" \/>\n<meta property=\"og:url\" content=\"https:\/\/scorpio.servicevision.es\/es\/producto\/gruas-y-cabezas\/gruas-telescopicas\/scorpio-23\/scorpio-23\/\" \/>\n<meta property=\"og:site_name\" content=\"Scorpio\" \/>\n<meta property=\"article:modified_time\" content=\"2022-02-09T18:43:52+00:00\" \/>\n<meta property=\"og:image\" content=\"https:\/\/scorpio.servicevision.es\/wp-content\/uploads\/2019\/05\/scorpio23.png\" \/>\n\t<meta property=\"og:image:width\" content=\"1389\" \/>\n\t<meta property=\"og:image:height\" content=\"1255\" \/>\n\t<meta property=\"og:image:type\" content=\"image\/png\" \/>\n<meta name=\"twitter:card\" content=\"summary_large_image\" \/>\n<script type=\"application\/ld+json\" class=\"yoast-schema-graph\">{\"@context\":\"https:\/\/schema.org\",\"@graph\":[{\"@type\":\"WebPage\",\"@id\":\"https:\/\/scorpio.servicevision.es\/es\/producto\/gruas-y-cabezas\/gruas-telescopicas\/scorpio-23\/scorpio-23\/\",\"url\":\"https:\/\/scorpio.servicevision.es\/es\/producto\/gruas-y-cabezas\/gruas-telescopicas\/scorpio-23\/scorpio-23\/\",\"name\":\"Veh\u00edculos y gruas para rodajes - Compra de SCORPIO 23 - Scorpio\",\"isPartOf\":{\"@id\":\"https:\/\/scorpio.servicevision.es\/es\/#website\"},\"primaryImageOfPage\":{\"@id\":\"https:\/\/scorpio.servicevision.es\/es\/producto\/gruas-y-cabezas\/gruas-telescopicas\/scorpio-23\/scorpio-23\/#primaryimage\"},\"image\":{\"@id\":\"https:\/\/scorpio.servicevision.es\/es\/producto\/gruas-y-cabezas\/gruas-telescopicas\/scorpio-23\/scorpio-23\/#primaryimage\"},\"thumbnailUrl\":\"https:\/\/scorpio.servicevision.es\/wp-content\/uploads\/2019\/05\/scorpio23.png\",\"datePublished\":\"2019-05-08T19:56:30+00:00\",\"dateModified\":\"2022-02-09T18:43:52+00:00\",\"description\":\"Compra de Veh\u00edculos y gruas para rodajes - scorpio 23: SCORPIO 23. Consultas y soporte t\u00e9cnico en Servicevision, fabricaci\u00f3n y compra de equipos para rodajes cinematogr\u00e1ficos.\",\"breadcrumb\":{\"@id\":\"https:\/\/scorpio.servicevision.es\/es\/producto\/gruas-y-cabezas\/gruas-telescopicas\/scorpio-23\/scorpio-23\/#breadcrumb\"},\"inLanguage\":\"es\",\"potentialAction\":[{\"@type\":\"ReadAction\",\"target\":[\"https:\/\/scorpio.servicevision.es\/es\/producto\/gruas-y-cabezas\/gruas-telescopicas\/scorpio-23\/scorpio-23\/\"]}]},{\"@type\":\"ImageObject\",\"inLanguage\":\"es\",\"@id\":\"https:\/\/scorpio.servicevision.es\/es\/producto\/gruas-y-cabezas\/gruas-telescopicas\/scorpio-23\/scorpio-23\/#primaryimage\",\"url\":\"https:\/\/scorpio.servicevision.es\/wp-content\/uploads\/2019\/05\/scorpio23.png\",\"contentUrl\":\"https:\/\/scorpio.servicevision.es\/wp-content\/uploads\/2019\/05\/scorpio23.png\",\"width\":1389,\"height\":1255},{\"@type\":\"BreadcrumbList\",\"@id\":\"https:\/\/scorpio.servicevision.es\/es\/producto\/gruas-y-cabezas\/gruas-telescopicas\/scorpio-23\/scorpio-23\/#breadcrumb\",\"itemListElement\":[{\"@type\":\"ListItem\",\"position\":1,\"name\":\"Portada\",\"item\":\"https:\/\/scorpio.servicevision.es\/es\/\"},{\"@type\":\"ListItem\",\"position\":2,\"name\":\"Shop\",\"item\":\"https:\/\/scorpio.servicevision.es\/en\/shop\/\"},{\"@type\":\"ListItem\",\"position\":3,\"name\":\"SCORPIO 23&#8242;\"}]},{\"@type\":\"WebSite\",\"@id\":\"https:\/\/scorpio.servicevision.es\/es\/#website\",\"url\":\"https:\/\/scorpio.servicevision.es\/es\/\",\"name\":\"Scorpio\",\"description\":\"Scorpio, fabricaci\u00f3n y venta de equipos para rodajes cinematogr\u00e1ficos\",\"potentialAction\":[{\"@type\":\"SearchAction\",\"target\":{\"@type\":\"EntryPoint\",\"urlTemplate\":\"https:\/\/scorpio.servicevision.es\/es\/?s={search_term_string}\"},\"query-input\":{\"@type\":\"PropertyValueSpecification\",\"valueRequired\":true,\"valueName\":\"search_term_string\"}}],\"inLanguage\":\"es\"}]}<\/script>\n<!-- \/ Yoast SEO plugin. -->","yoast_head_json":{"title":"Veh\u00edculos y gruas para rodajes - Compra de SCORPIO 23 - Scorpio","description":"Compra de Veh\u00edculos y gruas para rodajes - scorpio 23: SCORPIO 23. Consultas y soporte t\u00e9cnico en Servicevision, fabricaci\u00f3n y compra de equipos para rodajes cinematogr\u00e1ficos.","robots":{"index":"index","follow":"follow","max-snippet":"max-snippet:-1","max-image-preview":"max-image-preview:large","max-video-preview":"max-video-preview:-1"},"canonical":"https:\/\/scorpio.servicevision.es\/es\/producto\/gruas-y-cabezas\/gruas-telescopicas\/scorpio-23\/scorpio-23\/","og_locale":"es_ES","og_type":"article","og_title":"Veh\u00edculos y gruas para rodajes - Compra de SCORPIO 23 - Scorpio","og_description":"Compra de Veh\u00edculos y gruas para rodajes - scorpio 23: SCORPIO 23. Consultas y soporte t\u00e9cnico en Servicevision, fabricaci\u00f3n y compra de equipos para rodajes cinematogr\u00e1ficos.","og_url":"https:\/\/scorpio.servicevision.es\/es\/producto\/gruas-y-cabezas\/gruas-telescopicas\/scorpio-23\/scorpio-23\/","og_site_name":"Scorpio","article_modified_time":"2022-02-09T18:43:52+00:00","og_image":[{"width":1389,"height":1255,"url":"https:\/\/scorpio.servicevision.es\/wp-content\/uploads\/2019\/05\/scorpio23.png","type":"image\/png"}],"twitter_card":"summary_large_image","schema":{"@context":"https:\/\/schema.org","@graph":[{"@type":"WebPage","@id":"https:\/\/scorpio.servicevision.es\/es\/producto\/gruas-y-cabezas\/gruas-telescopicas\/scorpio-23\/scorpio-23\/","url":"https:\/\/scorpio.servicevision.es\/es\/producto\/gruas-y-cabezas\/gruas-telescopicas\/scorpio-23\/scorpio-23\/","name":"Veh\u00edculos y gruas para rodajes - Compra de SCORPIO 23 - Scorpio","isPartOf":{"@id":"https:\/\/scorpio.servicevision.es\/es\/#website"},"primaryImageOfPage":{"@id":"https:\/\/scorpio.servicevision.es\/es\/producto\/gruas-y-cabezas\/gruas-telescopicas\/scorpio-23\/scorpio-23\/#primaryimage"},"image":{"@id":"https:\/\/scorpio.servicevision.es\/es\/producto\/gruas-y-cabezas\/gruas-telescopicas\/scorpio-23\/scorpio-23\/#primaryimage"},"thumbnailUrl":"https:\/\/scorpio.servicevision.es\/wp-content\/uploads\/2019\/05\/scorpio23.png","datePublished":"2019-05-08T19:56:30+00:00","dateModified":"2022-02-09T18:43:52+00:00","description":"Compra de Veh\u00edculos y gruas para rodajes - scorpio 23: SCORPIO 23. Consultas y soporte t\u00e9cnico en Servicevision, fabricaci\u00f3n y compra de equipos para rodajes cinematogr\u00e1ficos.","breadcrumb":{"@id":"https:\/\/scorpio.servicevision.es\/es\/producto\/gruas-y-cabezas\/gruas-telescopicas\/scorpio-23\/scorpio-23\/#breadcrumb"},"inLanguage":"es","potentialAction":[{"@type":"ReadAction","target":["https:\/\/scorpio.servicevision.es\/es\/producto\/gruas-y-cabezas\/gruas-telescopicas\/scorpio-23\/scorpio-23\/"]}]},{"@type":"ImageObject","inLanguage":"es","@id":"https:\/\/scorpio.servicevision.es\/es\/producto\/gruas-y-cabezas\/gruas-telescopicas\/scorpio-23\/scorpio-23\/#primaryimage","url":"https:\/\/scorpio.servicevision.es\/wp-content\/uploads\/2019\/05\/scorpio23.png","contentUrl":"https:\/\/scorpio.servicevision.es\/wp-content\/uploads\/2019\/05\/scorpio23.png","width":1389,"height":1255},{"@type":"BreadcrumbList","@id":"https:\/\/scorpio.servicevision.es\/es\/producto\/gruas-y-cabezas\/gruas-telescopicas\/scorpio-23\/scorpio-23\/#breadcrumb","itemListElement":[{"@type":"ListItem","position":1,"name":"Portada","item":"https:\/\/scorpio.servicevision.es\/es\/"},{"@type":"ListItem","position":2,"name":"Shop","item":"https:\/\/scorpio.servicevision.es\/en\/shop\/"},{"@type":"ListItem","position":3,"name":"SCORPIO 23&#8242;"}]},{"@type":"WebSite","@id":"https:\/\/scorpio.servicevision.es\/es\/#website","url":"https:\/\/scorpio.servicevision.es\/es\/","name":"Scorpio","description":"Scorpio, fabricaci\u00f3n y venta de equipos para rodajes cinematogr\u00e1ficos","potentialAction":[{"@type":"SearchAction","target":{"@type":"EntryPoint","urlTemplate":"https:\/\/scorpio.servicevision.es\/es\/?s={search_term_string}"},"query-input":{"@type":"PropertyValueSpecification","valueRequired":true,"valueName":"search_term_string"}}],"inLanguage":"es"}]}},"_links":{"self":[{"href":"https:\/\/scorpio.servicevision.es\/es\/wp-json\/wp\/v2\/product\/1232","targetHints":{"allow":["GET"]}}],"collection":[{"href":"https:\/\/scorpio.servicevision.es\/es\/wp-json\/wp\/v2\/product"}],"about":[{"href":"https:\/\/scorpio.servicevision.es\/es\/wp-json\/wp\/v2\/types\/product"}],"wp:featuredmedia":[{"embeddable":true,"href":"https:\/\/scorpio.servicevision.es\/es\/wp-json\/wp\/v2\/media\/2399"}],"wp:attachment":[{"href":"https:\/\/scorpio.servicevision.es\/es\/wp-json\/wp\/v2\/media?parent=1232"}],"wp:term":[{"taxonomy":"product_cat","embeddable":true,"href":"https:\/\/scorpio.servicevision.es\/es\/wp-json\/wp\/v2\/product_cat?post=1232"},{"taxonomy":"product_tag","embeddable":true,"href":"https:\/\/scorpio.servicevision.es\/es\/wp-json\/wp\/v2\/product_tag?post=1232"}],"curies":[{"name":"wp","href":"https:\/\/api.w.org\/{rel}","templated":true}]}}