{"id":1212,"date":"2019-05-08T17:26:07","date_gmt":"2019-05-08T17:26:07","guid":{"rendered":"http:\/\/servicevisionalq.bcntic.com\/?post_type=product&#038;p=1212"},"modified":"2021-09-14T07:26:59","modified_gmt":"2021-09-14T07:26:59","slug":"coche-electrico-stabilized-head","status":"publish","type":"product","link":"https:\/\/scorpio.servicevision.es\/es\/producto\/gruas-y-cabezas\/vehiculos\/coche-electrico\/coche-electrico-stabilized-head\/","title":{"rendered":"COCHE EL\u00c9CTRICO + STABILIZED HEAD"},"content":{"rendered":"","protected":false},"excerpt":{"rendered":"","protected":false},"featured_media":170,"template":"","meta":{"ngg_post_thumbnail":0},"product_cat":[106],"product_tag":[],"class_list":["post-1212","product","type-product","status-publish","has-post-thumbnail","hentry","product_cat-coche-electrico","col-xs-6 col-sm-4","col-mf-5","un--cols"],"yoast_head":"<!-- This site is optimized with the Yoast SEO plugin v27.2 - https:\/\/yoast.com\/product\/yoast-seo-wordpress\/ -->\n<title>Veh\u00edculos y gruas para rodajes - Compra de COCHE EL\u00c9CTRICO + STABILIZED HEAD - Scorpio<\/title>\n<meta name=\"description\" content=\"Compra de Veh\u00edculos y gruas para rodajes - Coche el\u00e9ctrico: COCHE EL\u00c9CTRICO + STABILIZED HEAD. Consultas y soporte t\u00e9cnico en Servicevision, fabricaci\u00f3n y compra de equipos para rodajes cinematogr\u00e1ficos.\" \/>\n<meta name=\"robots\" content=\"index, follow, max-snippet:-1, max-image-preview:large, max-video-preview:-1\" \/>\n<link rel=\"canonical\" href=\"https:\/\/scorpio.servicevision.es\/es\/producto\/gruas-y-cabezas\/vehiculos\/coche-electrico\/coche-electrico-stabilized-head\/\" \/>\n<meta property=\"og:locale\" content=\"es_ES\" \/>\n<meta property=\"og:type\" content=\"article\" \/>\n<meta property=\"og:title\" content=\"Veh\u00edculos y gruas para rodajes - Compra de COCHE EL\u00c9CTRICO + STABILIZED HEAD - Scorpio\" \/>\n<meta property=\"og:description\" content=\"Compra de Veh\u00edculos y gruas para rodajes - Coche el\u00e9ctrico: COCHE EL\u00c9CTRICO + STABILIZED HEAD. Consultas y soporte t\u00e9cnico en Servicevision, fabricaci\u00f3n y compra de equipos para rodajes cinematogr\u00e1ficos.\" \/>\n<meta property=\"og:url\" content=\"https:\/\/scorpio.servicevision.es\/es\/producto\/gruas-y-cabezas\/vehiculos\/coche-electrico\/coche-electrico-stabilized-head\/\" \/>\n<meta property=\"og:site_name\" content=\"Scorpio\" \/>\n<meta property=\"article:modified_time\" content=\"2021-09-14T07:26:59+00:00\" \/>\n<meta property=\"og:image\" content=\"https:\/\/scorpio.servicevision.es\/wp-content\/uploads\/2019\/01\/we1b5.jpg\" \/>\n\t<meta property=\"og:image:width\" content=\"3000\" \/>\n\t<meta property=\"og:image:height\" content=\"3000\" \/>\n\t<meta property=\"og:image:type\" content=\"image\/jpeg\" \/>\n<meta name=\"twitter:card\" content=\"summary_large_image\" \/>\n<script type=\"application\/ld+json\" class=\"yoast-schema-graph\">{\"@context\":\"https:\/\/schema.org\",\"@graph\":[{\"@type\":\"WebPage\",\"@id\":\"https:\/\/scorpio.servicevision.es\/es\/producto\/gruas-y-cabezas\/vehiculos\/coche-electrico\/coche-electrico-stabilized-head\/\",\"url\":\"https:\/\/scorpio.servicevision.es\/es\/producto\/gruas-y-cabezas\/vehiculos\/coche-electrico\/coche-electrico-stabilized-head\/\",\"name\":\"Veh\u00edculos y gruas para rodajes - Compra de COCHE EL\u00c9CTRICO + STABILIZED HEAD - Scorpio\",\"isPartOf\":{\"@id\":\"https:\/\/scorpio.servicevision.es\/es\/#website\"},\"primaryImageOfPage\":{\"@id\":\"https:\/\/scorpio.servicevision.es\/es\/producto\/gruas-y-cabezas\/vehiculos\/coche-electrico\/coche-electrico-stabilized-head\/#primaryimage\"},\"image\":{\"@id\":\"https:\/\/scorpio.servicevision.es\/es\/producto\/gruas-y-cabezas\/vehiculos\/coche-electrico\/coche-electrico-stabilized-head\/#primaryimage\"},\"thumbnailUrl\":\"https:\/\/scorpio.servicevision.es\/wp-content\/uploads\/2019\/01\/we1b5.jpg\",\"datePublished\":\"2019-05-08T17:26:07+00:00\",\"dateModified\":\"2021-09-14T07:26:59+00:00\",\"description\":\"Compra de Veh\u00edculos y gruas para rodajes - Coche el\u00e9ctrico: COCHE EL\u00c9CTRICO + STABILIZED HEAD. Consultas y soporte t\u00e9cnico en Servicevision, fabricaci\u00f3n y compra de equipos para rodajes cinematogr\u00e1ficos.\",\"breadcrumb\":{\"@id\":\"https:\/\/scorpio.servicevision.es\/es\/producto\/gruas-y-cabezas\/vehiculos\/coche-electrico\/coche-electrico-stabilized-head\/#breadcrumb\"},\"inLanguage\":\"es\",\"potentialAction\":[{\"@type\":\"ReadAction\",\"target\":[\"https:\/\/scorpio.servicevision.es\/es\/producto\/gruas-y-cabezas\/vehiculos\/coche-electrico\/coche-electrico-stabilized-head\/\"]}]},{\"@type\":\"ImageObject\",\"inLanguage\":\"es\",\"@id\":\"https:\/\/scorpio.servicevision.es\/es\/producto\/gruas-y-cabezas\/vehiculos\/coche-electrico\/coche-electrico-stabilized-head\/#primaryimage\",\"url\":\"https:\/\/scorpio.servicevision.es\/wp-content\/uploads\/2019\/01\/we1b5.jpg\",\"contentUrl\":\"https:\/\/scorpio.servicevision.es\/wp-content\/uploads\/2019\/01\/we1b5.jpg\",\"width\":3000,\"height\":3000},{\"@type\":\"BreadcrumbList\",\"@id\":\"https:\/\/scorpio.servicevision.es\/es\/producto\/gruas-y-cabezas\/vehiculos\/coche-electrico\/coche-electrico-stabilized-head\/#breadcrumb\",\"itemListElement\":[{\"@type\":\"ListItem\",\"position\":1,\"name\":\"Portada\",\"item\":\"https:\/\/scorpio.servicevision.es\/es\/\"},{\"@type\":\"ListItem\",\"position\":2,\"name\":\"Shop\",\"item\":\"https:\/\/scorpio.servicevision.es\/en\/shop\/\"},{\"@type\":\"ListItem\",\"position\":3,\"name\":\"COCHE EL\u00c9CTRICO + STABILIZED HEAD\"}]},{\"@type\":\"WebSite\",\"@id\":\"https:\/\/scorpio.servicevision.es\/es\/#website\",\"url\":\"https:\/\/scorpio.servicevision.es\/es\/\",\"name\":\"Scorpio\",\"description\":\"Scorpio, fabricaci\u00f3n y venta de equipos para rodajes cinematogr\u00e1ficos\",\"potentialAction\":[{\"@type\":\"SearchAction\",\"target\":{\"@type\":\"EntryPoint\",\"urlTemplate\":\"https:\/\/scorpio.servicevision.es\/es\/?s={search_term_string}\"},\"query-input\":{\"@type\":\"PropertyValueSpecification\",\"valueRequired\":true,\"valueName\":\"search_term_string\"}}],\"inLanguage\":\"es\"}]}<\/script>\n<!-- \/ Yoast SEO plugin. -->","yoast_head_json":{"title":"Veh\u00edculos y gruas para rodajes - Compra de COCHE EL\u00c9CTRICO + STABILIZED HEAD - Scorpio","description":"Compra de Veh\u00edculos y gruas para rodajes - Coche el\u00e9ctrico: COCHE EL\u00c9CTRICO + STABILIZED HEAD. Consultas y soporte t\u00e9cnico en Servicevision, fabricaci\u00f3n y compra de equipos para rodajes cinematogr\u00e1ficos.","robots":{"index":"index","follow":"follow","max-snippet":"max-snippet:-1","max-image-preview":"max-image-preview:large","max-video-preview":"max-video-preview:-1"},"canonical":"https:\/\/scorpio.servicevision.es\/es\/producto\/gruas-y-cabezas\/vehiculos\/coche-electrico\/coche-electrico-stabilized-head\/","og_locale":"es_ES","og_type":"article","og_title":"Veh\u00edculos y gruas para rodajes - Compra de COCHE EL\u00c9CTRICO + STABILIZED HEAD - Scorpio","og_description":"Compra de Veh\u00edculos y gruas para rodajes - Coche el\u00e9ctrico: COCHE EL\u00c9CTRICO + STABILIZED HEAD. Consultas y soporte t\u00e9cnico en Servicevision, fabricaci\u00f3n y compra de equipos para rodajes cinematogr\u00e1ficos.","og_url":"https:\/\/scorpio.servicevision.es\/es\/producto\/gruas-y-cabezas\/vehiculos\/coche-electrico\/coche-electrico-stabilized-head\/","og_site_name":"Scorpio","article_modified_time":"2021-09-14T07:26:59+00:00","og_image":[{"width":3000,"height":3000,"url":"https:\/\/scorpio.servicevision.es\/wp-content\/uploads\/2019\/01\/we1b5.jpg","type":"image\/jpeg"}],"twitter_card":"summary_large_image","schema":{"@context":"https:\/\/schema.org","@graph":[{"@type":"WebPage","@id":"https:\/\/scorpio.servicevision.es\/es\/producto\/gruas-y-cabezas\/vehiculos\/coche-electrico\/coche-electrico-stabilized-head\/","url":"https:\/\/scorpio.servicevision.es\/es\/producto\/gruas-y-cabezas\/vehiculos\/coche-electrico\/coche-electrico-stabilized-head\/","name":"Veh\u00edculos y gruas para rodajes - Compra de COCHE EL\u00c9CTRICO + STABILIZED HEAD - Scorpio","isPartOf":{"@id":"https:\/\/scorpio.servicevision.es\/es\/#website"},"primaryImageOfPage":{"@id":"https:\/\/scorpio.servicevision.es\/es\/producto\/gruas-y-cabezas\/vehiculos\/coche-electrico\/coche-electrico-stabilized-head\/#primaryimage"},"image":{"@id":"https:\/\/scorpio.servicevision.es\/es\/producto\/gruas-y-cabezas\/vehiculos\/coche-electrico\/coche-electrico-stabilized-head\/#primaryimage"},"thumbnailUrl":"https:\/\/scorpio.servicevision.es\/wp-content\/uploads\/2019\/01\/we1b5.jpg","datePublished":"2019-05-08T17:26:07+00:00","dateModified":"2021-09-14T07:26:59+00:00","description":"Compra de Veh\u00edculos y gruas para rodajes - Coche el\u00e9ctrico: COCHE EL\u00c9CTRICO + STABILIZED HEAD. Consultas y soporte t\u00e9cnico en Servicevision, fabricaci\u00f3n y compra de equipos para rodajes cinematogr\u00e1ficos.","breadcrumb":{"@id":"https:\/\/scorpio.servicevision.es\/es\/producto\/gruas-y-cabezas\/vehiculos\/coche-electrico\/coche-electrico-stabilized-head\/#breadcrumb"},"inLanguage":"es","potentialAction":[{"@type":"ReadAction","target":["https:\/\/scorpio.servicevision.es\/es\/producto\/gruas-y-cabezas\/vehiculos\/coche-electrico\/coche-electrico-stabilized-head\/"]}]},{"@type":"ImageObject","inLanguage":"es","@id":"https:\/\/scorpio.servicevision.es\/es\/producto\/gruas-y-cabezas\/vehiculos\/coche-electrico\/coche-electrico-stabilized-head\/#primaryimage","url":"https:\/\/scorpio.servicevision.es\/wp-content\/uploads\/2019\/01\/we1b5.jpg","contentUrl":"https:\/\/scorpio.servicevision.es\/wp-content\/uploads\/2019\/01\/we1b5.jpg","width":3000,"height":3000},{"@type":"BreadcrumbList","@id":"https:\/\/scorpio.servicevision.es\/es\/producto\/gruas-y-cabezas\/vehiculos\/coche-electrico\/coche-electrico-stabilized-head\/#breadcrumb","itemListElement":[{"@type":"ListItem","position":1,"name":"Portada","item":"https:\/\/scorpio.servicevision.es\/es\/"},{"@type":"ListItem","position":2,"name":"Shop","item":"https:\/\/scorpio.servicevision.es\/en\/shop\/"},{"@type":"ListItem","position":3,"name":"COCHE EL\u00c9CTRICO + STABILIZED HEAD"}]},{"@type":"WebSite","@id":"https:\/\/scorpio.servicevision.es\/es\/#website","url":"https:\/\/scorpio.servicevision.es\/es\/","name":"Scorpio","description":"Scorpio, fabricaci\u00f3n y venta de equipos para rodajes cinematogr\u00e1ficos","potentialAction":[{"@type":"SearchAction","target":{"@type":"EntryPoint","urlTemplate":"https:\/\/scorpio.servicevision.es\/es\/?s={search_term_string}"},"query-input":{"@type":"PropertyValueSpecification","valueRequired":true,"valueName":"search_term_string"}}],"inLanguage":"es"}]}},"_links":{"self":[{"href":"https:\/\/scorpio.servicevision.es\/es\/wp-json\/wp\/v2\/product\/1212","targetHints":{"allow":["GET"]}}],"collection":[{"href":"https:\/\/scorpio.servicevision.es\/es\/wp-json\/wp\/v2\/product"}],"about":[{"href":"https:\/\/scorpio.servicevision.es\/es\/wp-json\/wp\/v2\/types\/product"}],"wp:featuredmedia":[{"embeddable":true,"href":"https:\/\/scorpio.servicevision.es\/es\/wp-json\/wp\/v2\/media\/170"}],"wp:attachment":[{"href":"https:\/\/scorpio.servicevision.es\/es\/wp-json\/wp\/v2\/media?parent=1212"}],"wp:term":[{"taxonomy":"product_cat","embeddable":true,"href":"https:\/\/scorpio.servicevision.es\/es\/wp-json\/wp\/v2\/product_cat?post=1212"},{"taxonomy":"product_tag","embeddable":true,"href":"https:\/\/scorpio.servicevision.es\/es\/wp-json\/wp\/v2\/product_tag?post=1212"}],"curies":[{"name":"wp","href":"https:\/\/api.w.org\/{rel}","templated":true}]}}