{"id":1206,"date":"2019-05-08T17:11:38","date_gmt":"2019-05-08T17:11:38","guid":{"rendered":"http:\/\/servicevisionalq.bcntic.com\/?post_type=product&#038;p=1206"},"modified":"2021-09-14T07:34:44","modified_gmt":"2021-09-14T07:34:44","slug":"camara-car-ford","status":"publish","type":"product","link":"https:\/\/scorpio.servicevision.es\/es\/producto\/gruas-y-cabezas\/vehiculos\/camara-car-ford\/camara-car-ford\/","title":{"rendered":"CAMARA CAR FORD"},"content":{"rendered":"","protected":false},"excerpt":{"rendered":"<p><strong>Con el objetivo de mejorar la seguridad y la capacidad operativa<\/strong>, Servicevision presenta este Ford convertido en Camara Car con dise\u00f1o propio.<\/p>\n<p>Veh\u00edculo que con cabina doble permite que todos, excepto el operador de la gr\u00faa, est\u00e9n confortablemente sentados en el interior, con monitores preinstalados en cada puesto y con los sistemas de seguridad homologados.<br \/>\nEn el exterior, una plataforma amplia y resistente permite la instalaci\u00f3n de nuestras gr\u00faas telesc\u00f3picas con gran nivel de operaci\u00f3n y seguridad para el operador y para el equipo.<\/p>\n","protected":false},"featured_media":2689,"template":"","meta":{"ngg_post_thumbnail":0},"product_cat":[105],"product_tag":[],"class_list":["post-1206","product","type-product","status-publish","has-post-thumbnail","hentry","product_cat-camara-car-ford","col-xs-6 col-sm-4","col-mf-5","un--cols"],"yoast_head":"<!-- This site is optimized with the Yoast SEO plugin v27.2 - https:\/\/yoast.com\/product\/yoast-seo-wordpress\/ -->\n<title>Veh\u00edculos y gruas para rodajes - Compra de CAMARA-CAR-FORD - Scorpio<\/title>\n<meta name=\"description\" content=\"Compra de Veh\u00edculos y gruas para rodajes - C\u00e1mara car: CAMARA-CAR-FORD. Consultas y soporte t\u00e9cnico en Servicevision, fabricaci\u00f3n y compra de equipos para rodajes cinematogr\u00e1ficos.\" \/>\n<meta name=\"robots\" content=\"index, follow, max-snippet:-1, max-image-preview:large, max-video-preview:-1\" \/>\n<link rel=\"canonical\" href=\"https:\/\/scorpio.servicevision.es\/es\/producto\/gruas-y-cabezas\/vehiculos\/camara-car-ford\/camara-car-ford\/\" \/>\n<meta property=\"og:locale\" content=\"es_ES\" \/>\n<meta property=\"og:type\" content=\"article\" \/>\n<meta property=\"og:title\" content=\"Veh\u00edculos y gruas para rodajes - Compra de CAMARA-CAR-FORD - Scorpio\" \/>\n<meta property=\"og:description\" content=\"Compra de Veh\u00edculos y gruas para rodajes - C\u00e1mara car: CAMARA-CAR-FORD. Consultas y soporte t\u00e9cnico en Servicevision, fabricaci\u00f3n y compra de equipos para rodajes cinematogr\u00e1ficos.\" \/>\n<meta property=\"og:url\" content=\"https:\/\/scorpio.servicevision.es\/es\/producto\/gruas-y-cabezas\/vehiculos\/camara-car-ford\/camara-car-ford\/\" \/>\n<meta property=\"og:site_name\" content=\"Scorpio\" \/>\n<meta property=\"article:modified_time\" content=\"2021-09-14T07:34:44+00:00\" \/>\n<meta property=\"og:image\" content=\"https:\/\/scorpio.servicevision.es\/wp-content\/uploads\/2019\/05\/dsc2410rett-1024x1024.jpg\" \/>\n\t<meta property=\"og:image:width\" content=\"1024\" \/>\n\t<meta property=\"og:image:height\" content=\"1024\" \/>\n\t<meta property=\"og:image:type\" content=\"image\/jpeg\" \/>\n<meta name=\"twitter:card\" content=\"summary_large_image\" \/>\n<script type=\"application\/ld+json\" class=\"yoast-schema-graph\">{\"@context\":\"https:\/\/schema.org\",\"@graph\":[{\"@type\":\"WebPage\",\"@id\":\"https:\/\/scorpio.servicevision.es\/es\/producto\/gruas-y-cabezas\/vehiculos\/camara-car-ford\/camara-car-ford\/\",\"url\":\"https:\/\/scorpio.servicevision.es\/es\/producto\/gruas-y-cabezas\/vehiculos\/camara-car-ford\/camara-car-ford\/\",\"name\":\"Veh\u00edculos y gruas para rodajes - Compra de CAMARA-CAR-FORD - Scorpio\",\"isPartOf\":{\"@id\":\"https:\/\/scorpio.servicevision.es\/es\/#website\"},\"primaryImageOfPage\":{\"@id\":\"https:\/\/scorpio.servicevision.es\/es\/producto\/gruas-y-cabezas\/vehiculos\/camara-car-ford\/camara-car-ford\/#primaryimage\"},\"image\":{\"@id\":\"https:\/\/scorpio.servicevision.es\/es\/producto\/gruas-y-cabezas\/vehiculos\/camara-car-ford\/camara-car-ford\/#primaryimage\"},\"thumbnailUrl\":\"https:\/\/scorpio.servicevision.es\/wp-content\/uploads\/2019\/05\/dsc2410rett.jpg\",\"datePublished\":\"2019-05-08T17:11:38+00:00\",\"dateModified\":\"2021-09-14T07:34:44+00:00\",\"description\":\"Compra de Veh\u00edculos y gruas para rodajes - C\u00e1mara car: CAMARA-CAR-FORD. Consultas y soporte t\u00e9cnico en Servicevision, fabricaci\u00f3n y compra de equipos para rodajes cinematogr\u00e1ficos.\",\"breadcrumb\":{\"@id\":\"https:\/\/scorpio.servicevision.es\/es\/producto\/gruas-y-cabezas\/vehiculos\/camara-car-ford\/camara-car-ford\/#breadcrumb\"},\"inLanguage\":\"es\",\"potentialAction\":[{\"@type\":\"ReadAction\",\"target\":[\"https:\/\/scorpio.servicevision.es\/es\/producto\/gruas-y-cabezas\/vehiculos\/camara-car-ford\/camara-car-ford\/\"]}]},{\"@type\":\"ImageObject\",\"inLanguage\":\"es\",\"@id\":\"https:\/\/scorpio.servicevision.es\/es\/producto\/gruas-y-cabezas\/vehiculos\/camara-car-ford\/camara-car-ford\/#primaryimage\",\"url\":\"https:\/\/scorpio.servicevision.es\/wp-content\/uploads\/2019\/05\/dsc2410rett.jpg\",\"contentUrl\":\"https:\/\/scorpio.servicevision.es\/wp-content\/uploads\/2019\/05\/dsc2410rett.jpg\",\"width\":7360,\"height\":7359},{\"@type\":\"BreadcrumbList\",\"@id\":\"https:\/\/scorpio.servicevision.es\/es\/producto\/gruas-y-cabezas\/vehiculos\/camara-car-ford\/camara-car-ford\/#breadcrumb\",\"itemListElement\":[{\"@type\":\"ListItem\",\"position\":1,\"name\":\"Portada\",\"item\":\"https:\/\/scorpio.servicevision.es\/es\/\"},{\"@type\":\"ListItem\",\"position\":2,\"name\":\"Shop\",\"item\":\"https:\/\/scorpio.servicevision.es\/en\/shop\/\"},{\"@type\":\"ListItem\",\"position\":3,\"name\":\"CAMARA CAR FORD\"}]},{\"@type\":\"WebSite\",\"@id\":\"https:\/\/scorpio.servicevision.es\/es\/#website\",\"url\":\"https:\/\/scorpio.servicevision.es\/es\/\",\"name\":\"Scorpio\",\"description\":\"Scorpio, fabricaci\u00f3n y venta de equipos para rodajes cinematogr\u00e1ficos\",\"potentialAction\":[{\"@type\":\"SearchAction\",\"target\":{\"@type\":\"EntryPoint\",\"urlTemplate\":\"https:\/\/scorpio.servicevision.es\/es\/?s={search_term_string}\"},\"query-input\":{\"@type\":\"PropertyValueSpecification\",\"valueRequired\":true,\"valueName\":\"search_term_string\"}}],\"inLanguage\":\"es\"}]}<\/script>\n<!-- \/ Yoast SEO plugin. -->","yoast_head_json":{"title":"Veh\u00edculos y gruas para rodajes - Compra de CAMARA-CAR-FORD - Scorpio","description":"Compra de Veh\u00edculos y gruas para rodajes - C\u00e1mara car: CAMARA-CAR-FORD. Consultas y soporte t\u00e9cnico en Servicevision, fabricaci\u00f3n y compra de equipos para rodajes cinematogr\u00e1ficos.","robots":{"index":"index","follow":"follow","max-snippet":"max-snippet:-1","max-image-preview":"max-image-preview:large","max-video-preview":"max-video-preview:-1"},"canonical":"https:\/\/scorpio.servicevision.es\/es\/producto\/gruas-y-cabezas\/vehiculos\/camara-car-ford\/camara-car-ford\/","og_locale":"es_ES","og_type":"article","og_title":"Veh\u00edculos y gruas para rodajes - Compra de CAMARA-CAR-FORD - Scorpio","og_description":"Compra de Veh\u00edculos y gruas para rodajes - C\u00e1mara car: CAMARA-CAR-FORD. Consultas y soporte t\u00e9cnico en Servicevision, fabricaci\u00f3n y compra de equipos para rodajes cinematogr\u00e1ficos.","og_url":"https:\/\/scorpio.servicevision.es\/es\/producto\/gruas-y-cabezas\/vehiculos\/camara-car-ford\/camara-car-ford\/","og_site_name":"Scorpio","article_modified_time":"2021-09-14T07:34:44+00:00","og_image":[{"width":1024,"height":1024,"url":"https:\/\/scorpio.servicevision.es\/wp-content\/uploads\/2019\/05\/dsc2410rett-1024x1024.jpg","type":"image\/jpeg"}],"twitter_card":"summary_large_image","schema":{"@context":"https:\/\/schema.org","@graph":[{"@type":"WebPage","@id":"https:\/\/scorpio.servicevision.es\/es\/producto\/gruas-y-cabezas\/vehiculos\/camara-car-ford\/camara-car-ford\/","url":"https:\/\/scorpio.servicevision.es\/es\/producto\/gruas-y-cabezas\/vehiculos\/camara-car-ford\/camara-car-ford\/","name":"Veh\u00edculos y gruas para rodajes - Compra de CAMARA-CAR-FORD - Scorpio","isPartOf":{"@id":"https:\/\/scorpio.servicevision.es\/es\/#website"},"primaryImageOfPage":{"@id":"https:\/\/scorpio.servicevision.es\/es\/producto\/gruas-y-cabezas\/vehiculos\/camara-car-ford\/camara-car-ford\/#primaryimage"},"image":{"@id":"https:\/\/scorpio.servicevision.es\/es\/producto\/gruas-y-cabezas\/vehiculos\/camara-car-ford\/camara-car-ford\/#primaryimage"},"thumbnailUrl":"https:\/\/scorpio.servicevision.es\/wp-content\/uploads\/2019\/05\/dsc2410rett.jpg","datePublished":"2019-05-08T17:11:38+00:00","dateModified":"2021-09-14T07:34:44+00:00","description":"Compra de Veh\u00edculos y gruas para rodajes - C\u00e1mara car: CAMARA-CAR-FORD. Consultas y soporte t\u00e9cnico en Servicevision, fabricaci\u00f3n y compra de equipos para rodajes cinematogr\u00e1ficos.","breadcrumb":{"@id":"https:\/\/scorpio.servicevision.es\/es\/producto\/gruas-y-cabezas\/vehiculos\/camara-car-ford\/camara-car-ford\/#breadcrumb"},"inLanguage":"es","potentialAction":[{"@type":"ReadAction","target":["https:\/\/scorpio.servicevision.es\/es\/producto\/gruas-y-cabezas\/vehiculos\/camara-car-ford\/camara-car-ford\/"]}]},{"@type":"ImageObject","inLanguage":"es","@id":"https:\/\/scorpio.servicevision.es\/es\/producto\/gruas-y-cabezas\/vehiculos\/camara-car-ford\/camara-car-ford\/#primaryimage","url":"https:\/\/scorpio.servicevision.es\/wp-content\/uploads\/2019\/05\/dsc2410rett.jpg","contentUrl":"https:\/\/scorpio.servicevision.es\/wp-content\/uploads\/2019\/05\/dsc2410rett.jpg","width":7360,"height":7359},{"@type":"BreadcrumbList","@id":"https:\/\/scorpio.servicevision.es\/es\/producto\/gruas-y-cabezas\/vehiculos\/camara-car-ford\/camara-car-ford\/#breadcrumb","itemListElement":[{"@type":"ListItem","position":1,"name":"Portada","item":"https:\/\/scorpio.servicevision.es\/es\/"},{"@type":"ListItem","position":2,"name":"Shop","item":"https:\/\/scorpio.servicevision.es\/en\/shop\/"},{"@type":"ListItem","position":3,"name":"CAMARA CAR FORD"}]},{"@type":"WebSite","@id":"https:\/\/scorpio.servicevision.es\/es\/#website","url":"https:\/\/scorpio.servicevision.es\/es\/","name":"Scorpio","description":"Scorpio, fabricaci\u00f3n y venta de equipos para rodajes cinematogr\u00e1ficos","potentialAction":[{"@type":"SearchAction","target":{"@type":"EntryPoint","urlTemplate":"https:\/\/scorpio.servicevision.es\/es\/?s={search_term_string}"},"query-input":{"@type":"PropertyValueSpecification","valueRequired":true,"valueName":"search_term_string"}}],"inLanguage":"es"}]}},"_links":{"self":[{"href":"https:\/\/scorpio.servicevision.es\/es\/wp-json\/wp\/v2\/product\/1206","targetHints":{"allow":["GET"]}}],"collection":[{"href":"https:\/\/scorpio.servicevision.es\/es\/wp-json\/wp\/v2\/product"}],"about":[{"href":"https:\/\/scorpio.servicevision.es\/es\/wp-json\/wp\/v2\/types\/product"}],"wp:featuredmedia":[{"embeddable":true,"href":"https:\/\/scorpio.servicevision.es\/es\/wp-json\/wp\/v2\/media\/2689"}],"wp:attachment":[{"href":"https:\/\/scorpio.servicevision.es\/es\/wp-json\/wp\/v2\/media?parent=1206"}],"wp:term":[{"taxonomy":"product_cat","embeddable":true,"href":"https:\/\/scorpio.servicevision.es\/es\/wp-json\/wp\/v2\/product_cat?post=1206"},{"taxonomy":"product_tag","embeddable":true,"href":"https:\/\/scorpio.servicevision.es\/es\/wp-json\/wp\/v2\/product_tag?post=1206"}],"curies":[{"name":"wp","href":"https:\/\/api.w.org\/{rel}","templated":true}]}}