{"id":1141,"date":"2019-05-08T03:02:23","date_gmt":"2019-05-08T03:02:23","guid":{"rendered":"http:\/\/servicevisionalq.bcntic.com\/?post_type=product&#038;p=1141"},"modified":"2021-09-14T07:45:16","modified_gmt":"2021-09-14T07:45:16","slug":"aspheron-x0-7-century-9-8-mm-kinoptik","status":"publish","type":"product","link":"https:\/\/scorpio.servicevision.es\/es\/producto\/opticas\/objetivos-y-zooms\/esfericos\/angulares\/aspheron-x0-7-century-9-8-mm-kinoptik\/","title":{"rendered":"Aspheron x0.7 Century (9.8 mm Kinoptik)"},"content":{"rendered":"","protected":false},"excerpt":{"rendered":"","protected":false},"featured_media":3798,"template":"","meta":{"ngg_post_thumbnail":0},"product_cat":[88,89],"product_tag":[],"class_list":["post-1141","product","type-product","status-publish","has-post-thumbnail","hentry","product_cat-esfericos","product_cat-angulares","col-xs-6 col-sm-4","col-mf-5","un--cols"],"yoast_head":"<!-- This site is optimized with the Yoast SEO plugin v27.2 - https:\/\/yoast.com\/product\/yoast-seo-wordpress\/ -->\n<title>Objetivo para c\u00e1mara Aspheron x0.7 Century (9.8 mm Kinoptik) - Scorpio<\/title>\n<meta name=\"description\" content=\"Compra de Objetivo para c\u00e1mara - objetivos y zooms esf\u00e9ricos: Aspheron x0.7 Century (9.8 mm Kinoptik). Consultas y soporte t\u00e9cnico en Servicevision, fabricaci\u00f3n y compra de equipos para rodajes cinematogr\u00e1ficos.\" \/>\n<meta name=\"robots\" content=\"index, follow, max-snippet:-1, max-image-preview:large, max-video-preview:-1\" \/>\n<link rel=\"canonical\" href=\"https:\/\/scorpio.servicevision.es\/es\/producto\/opticas\/objetivos-y-zooms\/esfericos\/angulares\/aspheron-x0-7-century-9-8-mm-kinoptik\/\" \/>\n<meta property=\"og:locale\" content=\"es_ES\" \/>\n<meta property=\"og:type\" content=\"article\" \/>\n<meta property=\"og:title\" content=\"Objetivo para c\u00e1mara Aspheron x0.7 Century (9.8 mm Kinoptik) - Scorpio\" \/>\n<meta property=\"og:description\" content=\"Compra de Objetivo para c\u00e1mara - objetivos y zooms esf\u00e9ricos: Aspheron x0.7 Century (9.8 mm Kinoptik). Consultas y soporte t\u00e9cnico en Servicevision, fabricaci\u00f3n y compra de equipos para rodajes cinematogr\u00e1ficos.\" \/>\n<meta property=\"og:url\" content=\"https:\/\/scorpio.servicevision.es\/es\/producto\/opticas\/objetivos-y-zooms\/esfericos\/angulares\/aspheron-x0-7-century-9-8-mm-kinoptik\/\" \/>\n<meta property=\"og:site_name\" content=\"Scorpio\" \/>\n<meta property=\"article:modified_time\" content=\"2021-09-14T07:45:16+00:00\" \/>\n<meta property=\"og:image\" content=\"https:\/\/scorpio.servicevision.es\/wp-content\/uploads\/2019\/05\/005alquilercamarasobjetivosobjetivosjuegosvintageangularesok.jpg\" \/>\n\t<meta property=\"og:image:width\" content=\"1600\" \/>\n\t<meta property=\"og:image:height\" content=\"1600\" \/>\n\t<meta property=\"og:image:type\" content=\"image\/jpeg\" \/>\n<meta name=\"twitter:card\" content=\"summary_large_image\" \/>\n<script type=\"application\/ld+json\" class=\"yoast-schema-graph\">{\"@context\":\"https:\/\/schema.org\",\"@graph\":[{\"@type\":\"WebPage\",\"@id\":\"https:\/\/scorpio.servicevision.es\/es\/producto\/opticas\/objetivos-y-zooms\/esfericos\/angulares\/aspheron-x0-7-century-9-8-mm-kinoptik\/\",\"url\":\"https:\/\/scorpio.servicevision.es\/es\/producto\/opticas\/objetivos-y-zooms\/esfericos\/angulares\/aspheron-x0-7-century-9-8-mm-kinoptik\/\",\"name\":\"Objetivo para c\u00e1mara Aspheron x0.7 Century (9.8 mm Kinoptik) - Scorpio\",\"isPartOf\":{\"@id\":\"https:\/\/scorpio.servicevision.es\/es\/#website\"},\"primaryImageOfPage\":{\"@id\":\"https:\/\/scorpio.servicevision.es\/es\/producto\/opticas\/objetivos-y-zooms\/esfericos\/angulares\/aspheron-x0-7-century-9-8-mm-kinoptik\/#primaryimage\"},\"image\":{\"@id\":\"https:\/\/scorpio.servicevision.es\/es\/producto\/opticas\/objetivos-y-zooms\/esfericos\/angulares\/aspheron-x0-7-century-9-8-mm-kinoptik\/#primaryimage\"},\"thumbnailUrl\":\"https:\/\/scorpio.servicevision.es\/wp-content\/uploads\/2019\/05\/005alquilercamarasobjetivosobjetivosjuegosvintageangularesok.jpg\",\"datePublished\":\"2019-05-08T03:02:23+00:00\",\"dateModified\":\"2021-09-14T07:45:16+00:00\",\"description\":\"Compra de Objetivo para c\u00e1mara - objetivos y zooms esf\u00e9ricos: Aspheron x0.7 Century (9.8 mm Kinoptik). Consultas y soporte t\u00e9cnico en Servicevision, fabricaci\u00f3n y compra de equipos para rodajes cinematogr\u00e1ficos.\",\"breadcrumb\":{\"@id\":\"https:\/\/scorpio.servicevision.es\/es\/producto\/opticas\/objetivos-y-zooms\/esfericos\/angulares\/aspheron-x0-7-century-9-8-mm-kinoptik\/#breadcrumb\"},\"inLanguage\":\"es\",\"potentialAction\":[{\"@type\":\"ReadAction\",\"target\":[\"https:\/\/scorpio.servicevision.es\/es\/producto\/opticas\/objetivos-y-zooms\/esfericos\/angulares\/aspheron-x0-7-century-9-8-mm-kinoptik\/\"]}]},{\"@type\":\"ImageObject\",\"inLanguage\":\"es\",\"@id\":\"https:\/\/scorpio.servicevision.es\/es\/producto\/opticas\/objetivos-y-zooms\/esfericos\/angulares\/aspheron-x0-7-century-9-8-mm-kinoptik\/#primaryimage\",\"url\":\"https:\/\/scorpio.servicevision.es\/wp-content\/uploads\/2019\/05\/005alquilercamarasobjetivosobjetivosjuegosvintageangularesok.jpg\",\"contentUrl\":\"https:\/\/scorpio.servicevision.es\/wp-content\/uploads\/2019\/05\/005alquilercamarasobjetivosobjetivosjuegosvintageangularesok.jpg\",\"width\":1600,\"height\":1600,\"caption\":\"10.5mm T2.1 Optex\"},{\"@type\":\"BreadcrumbList\",\"@id\":\"https:\/\/scorpio.servicevision.es\/es\/producto\/opticas\/objetivos-y-zooms\/esfericos\/angulares\/aspheron-x0-7-century-9-8-mm-kinoptik\/#breadcrumb\",\"itemListElement\":[{\"@type\":\"ListItem\",\"position\":1,\"name\":\"Portada\",\"item\":\"https:\/\/scorpio.servicevision.es\/es\/\"},{\"@type\":\"ListItem\",\"position\":2,\"name\":\"Shop\",\"item\":\"https:\/\/scorpio.servicevision.es\/en\/shop\/\"},{\"@type\":\"ListItem\",\"position\":3,\"name\":\"Aspheron x0.7 Century (9.8 mm Kinoptik)\"}]},{\"@type\":\"WebSite\",\"@id\":\"https:\/\/scorpio.servicevision.es\/es\/#website\",\"url\":\"https:\/\/scorpio.servicevision.es\/es\/\",\"name\":\"Scorpio\",\"description\":\"Scorpio, fabricaci\u00f3n y venta de equipos para rodajes cinematogr\u00e1ficos\",\"potentialAction\":[{\"@type\":\"SearchAction\",\"target\":{\"@type\":\"EntryPoint\",\"urlTemplate\":\"https:\/\/scorpio.servicevision.es\/es\/?s={search_term_string}\"},\"query-input\":{\"@type\":\"PropertyValueSpecification\",\"valueRequired\":true,\"valueName\":\"search_term_string\"}}],\"inLanguage\":\"es\"}]}<\/script>\n<!-- \/ Yoast SEO plugin. -->","yoast_head_json":{"title":"Objetivo para c\u00e1mara Aspheron x0.7 Century (9.8 mm Kinoptik) - Scorpio","description":"Compra de Objetivo para c\u00e1mara - objetivos y zooms esf\u00e9ricos: Aspheron x0.7 Century (9.8 mm Kinoptik). Consultas y soporte t\u00e9cnico en Servicevision, fabricaci\u00f3n y compra de equipos para rodajes cinematogr\u00e1ficos.","robots":{"index":"index","follow":"follow","max-snippet":"max-snippet:-1","max-image-preview":"max-image-preview:large","max-video-preview":"max-video-preview:-1"},"canonical":"https:\/\/scorpio.servicevision.es\/es\/producto\/opticas\/objetivos-y-zooms\/esfericos\/angulares\/aspheron-x0-7-century-9-8-mm-kinoptik\/","og_locale":"es_ES","og_type":"article","og_title":"Objetivo para c\u00e1mara Aspheron x0.7 Century (9.8 mm Kinoptik) - Scorpio","og_description":"Compra de Objetivo para c\u00e1mara - objetivos y zooms esf\u00e9ricos: Aspheron x0.7 Century (9.8 mm Kinoptik). Consultas y soporte t\u00e9cnico en Servicevision, fabricaci\u00f3n y compra de equipos para rodajes cinematogr\u00e1ficos.","og_url":"https:\/\/scorpio.servicevision.es\/es\/producto\/opticas\/objetivos-y-zooms\/esfericos\/angulares\/aspheron-x0-7-century-9-8-mm-kinoptik\/","og_site_name":"Scorpio","article_modified_time":"2021-09-14T07:45:16+00:00","og_image":[{"width":1600,"height":1600,"url":"https:\/\/scorpio.servicevision.es\/wp-content\/uploads\/2019\/05\/005alquilercamarasobjetivosobjetivosjuegosvintageangularesok.jpg","type":"image\/jpeg"}],"twitter_card":"summary_large_image","schema":{"@context":"https:\/\/schema.org","@graph":[{"@type":"WebPage","@id":"https:\/\/scorpio.servicevision.es\/es\/producto\/opticas\/objetivos-y-zooms\/esfericos\/angulares\/aspheron-x0-7-century-9-8-mm-kinoptik\/","url":"https:\/\/scorpio.servicevision.es\/es\/producto\/opticas\/objetivos-y-zooms\/esfericos\/angulares\/aspheron-x0-7-century-9-8-mm-kinoptik\/","name":"Objetivo para c\u00e1mara Aspheron x0.7 Century (9.8 mm Kinoptik) - Scorpio","isPartOf":{"@id":"https:\/\/scorpio.servicevision.es\/es\/#website"},"primaryImageOfPage":{"@id":"https:\/\/scorpio.servicevision.es\/es\/producto\/opticas\/objetivos-y-zooms\/esfericos\/angulares\/aspheron-x0-7-century-9-8-mm-kinoptik\/#primaryimage"},"image":{"@id":"https:\/\/scorpio.servicevision.es\/es\/producto\/opticas\/objetivos-y-zooms\/esfericos\/angulares\/aspheron-x0-7-century-9-8-mm-kinoptik\/#primaryimage"},"thumbnailUrl":"https:\/\/scorpio.servicevision.es\/wp-content\/uploads\/2019\/05\/005alquilercamarasobjetivosobjetivosjuegosvintageangularesok.jpg","datePublished":"2019-05-08T03:02:23+00:00","dateModified":"2021-09-14T07:45:16+00:00","description":"Compra de Objetivo para c\u00e1mara - objetivos y zooms esf\u00e9ricos: Aspheron x0.7 Century (9.8 mm Kinoptik). Consultas y soporte t\u00e9cnico en Servicevision, fabricaci\u00f3n y compra de equipos para rodajes cinematogr\u00e1ficos.","breadcrumb":{"@id":"https:\/\/scorpio.servicevision.es\/es\/producto\/opticas\/objetivos-y-zooms\/esfericos\/angulares\/aspheron-x0-7-century-9-8-mm-kinoptik\/#breadcrumb"},"inLanguage":"es","potentialAction":[{"@type":"ReadAction","target":["https:\/\/scorpio.servicevision.es\/es\/producto\/opticas\/objetivos-y-zooms\/esfericos\/angulares\/aspheron-x0-7-century-9-8-mm-kinoptik\/"]}]},{"@type":"ImageObject","inLanguage":"es","@id":"https:\/\/scorpio.servicevision.es\/es\/producto\/opticas\/objetivos-y-zooms\/esfericos\/angulares\/aspheron-x0-7-century-9-8-mm-kinoptik\/#primaryimage","url":"https:\/\/scorpio.servicevision.es\/wp-content\/uploads\/2019\/05\/005alquilercamarasobjetivosobjetivosjuegosvintageangularesok.jpg","contentUrl":"https:\/\/scorpio.servicevision.es\/wp-content\/uploads\/2019\/05\/005alquilercamarasobjetivosobjetivosjuegosvintageangularesok.jpg","width":1600,"height":1600,"caption":"10.5mm T2.1 Optex"},{"@type":"BreadcrumbList","@id":"https:\/\/scorpio.servicevision.es\/es\/producto\/opticas\/objetivos-y-zooms\/esfericos\/angulares\/aspheron-x0-7-century-9-8-mm-kinoptik\/#breadcrumb","itemListElement":[{"@type":"ListItem","position":1,"name":"Portada","item":"https:\/\/scorpio.servicevision.es\/es\/"},{"@type":"ListItem","position":2,"name":"Shop","item":"https:\/\/scorpio.servicevision.es\/en\/shop\/"},{"@type":"ListItem","position":3,"name":"Aspheron x0.7 Century (9.8 mm Kinoptik)"}]},{"@type":"WebSite","@id":"https:\/\/scorpio.servicevision.es\/es\/#website","url":"https:\/\/scorpio.servicevision.es\/es\/","name":"Scorpio","description":"Scorpio, fabricaci\u00f3n y venta de equipos para rodajes cinematogr\u00e1ficos","potentialAction":[{"@type":"SearchAction","target":{"@type":"EntryPoint","urlTemplate":"https:\/\/scorpio.servicevision.es\/es\/?s={search_term_string}"},"query-input":{"@type":"PropertyValueSpecification","valueRequired":true,"valueName":"search_term_string"}}],"inLanguage":"es"}]}},"_links":{"self":[{"href":"https:\/\/scorpio.servicevision.es\/es\/wp-json\/wp\/v2\/product\/1141","targetHints":{"allow":["GET"]}}],"collection":[{"href":"https:\/\/scorpio.servicevision.es\/es\/wp-json\/wp\/v2\/product"}],"about":[{"href":"https:\/\/scorpio.servicevision.es\/es\/wp-json\/wp\/v2\/types\/product"}],"wp:featuredmedia":[{"embeddable":true,"href":"https:\/\/scorpio.servicevision.es\/es\/wp-json\/wp\/v2\/media\/3798"}],"wp:attachment":[{"href":"https:\/\/scorpio.servicevision.es\/es\/wp-json\/wp\/v2\/media?parent=1141"}],"wp:term":[{"taxonomy":"product_cat","embeddable":true,"href":"https:\/\/scorpio.servicevision.es\/es\/wp-json\/wp\/v2\/product_cat?post=1141"},{"taxonomy":"product_tag","embeddable":true,"href":"https:\/\/scorpio.servicevision.es\/es\/wp-json\/wp\/v2\/product_tag?post=1141"}],"curies":[{"name":"wp","href":"https:\/\/api.w.org\/{rel}","templated":true}]}}