{"id":11075,"date":"2026-03-24T22:20:46","date_gmt":"2026-03-24T22:20:46","guid":{"rendered":"https:\/\/scorpio.servicevision.es\/?post_type=product&#038;p=11075"},"modified":"2026-04-02T15:56:34","modified_gmt":"2026-04-02T15:56:34","slug":"scorpio-55","status":"publish","type":"product","link":"https:\/\/scorpio.servicevision.es\/es\/producto\/gruas-y-cabezas\/gruas-telescopicas\/scorpio-55\/scorpio-55\/","title":{"rendered":"SCORPIO 55\u2032"},"content":{"rendered":"","protected":false},"excerpt":{"rendered":"<div class=\"fieldset-wrapper\">\n<div class=\"field field-name-field-producto-descripcion field-type-text-long field-label-hidden\">\n<div class=\"field-items\">\n<div class=\"field-item even\">\n<p class=\"svs-p-notas-tecnicas\">La <strong>Scorpio 55&#8242;<\/strong> est\u00e1 basado en la fiable <strong>Scorpio 45&#8242;<\/strong> que comparte los mismos componentes del esqueleto, solo a\u00f1adiendo una secci\u00f3n telesc\u00f3pica m\u00e1s para aumentar la altura del objetivo en 3m (9\u20197\u2019\u2019).<\/p>\n<\/div>\n<\/div>\n<\/div>\n<\/div>\n","protected":false},"featured_media":11076,"template":"","meta":{"ngg_post_thumbnail":0},"product_cat":[783,18,38],"product_tag":[],"class_list":["post-11075","product","type-product","status-publish","has-post-thumbnail","hentry","product_cat-scorpio-55","product_cat-gruas-y-cabezas","product_cat-gruas-telescopicas","product_brand-grip","col-xs-6 col-sm-4","col-mf-5","un--cols"],"yoast_head":"<!-- This site is optimized with the Yoast SEO plugin v27.2 - https:\/\/yoast.com\/product\/yoast-seo-wordpress\/ -->\n<title>SCORPIO 55\u2032 - Scorpio<\/title>\n<meta name=\"robots\" content=\"index, follow, max-snippet:-1, max-image-preview:large, max-video-preview:-1\" \/>\n<link rel=\"canonical\" href=\"https:\/\/scorpio.servicevision.es\/es\/producto\/gruas-y-cabezas\/gruas-telescopicas\/scorpio-55\/scorpio-55\/\" \/>\n<meta property=\"og:locale\" content=\"es_ES\" \/>\n<meta property=\"og:type\" content=\"article\" \/>\n<meta property=\"og:title\" content=\"SCORPIO 55\u2032 - Scorpio\" \/>\n<meta property=\"og:description\" content=\"La Scorpio 55&#039; est\u00e1 basado en la fiable Scorpio 45&#039; que comparte los mismos componentes del esqueleto, solo a\u00f1adiendo una secci\u00f3n telesc\u00f3pica m\u00e1s para aumentar la altura del objetivo en 3m (9\u20197\u2019\u2019).\" \/>\n<meta property=\"og:url\" content=\"https:\/\/scorpio.servicevision.es\/es\/producto\/gruas-y-cabezas\/gruas-telescopicas\/scorpio-55\/scorpio-55\/\" \/>\n<meta property=\"og:site_name\" content=\"Scorpio\" \/>\n<meta property=\"article:modified_time\" content=\"2026-04-02T15:56:34+00:00\" \/>\n<meta property=\"og:image\" content=\"https:\/\/scorpio.servicevision.es\/wp-content\/uploads\/2026\/03\/SCORPIO55.jpg\" \/>\n\t<meta property=\"og:image:width\" content=\"1600\" \/>\n\t<meta property=\"og:image:height\" content=\"946\" \/>\n\t<meta property=\"og:image:type\" content=\"image\/jpeg\" \/>\n<meta name=\"twitter:card\" content=\"summary_large_image\" \/>\n<meta name=\"twitter:label1\" content=\"Tiempo de lectura\" \/>\n\t<meta name=\"twitter:data1\" content=\"1 minuto\" \/>\n<script type=\"application\/ld+json\" class=\"yoast-schema-graph\">{\"@context\":\"https:\/\/schema.org\",\"@graph\":[{\"@type\":\"WebPage\",\"@id\":\"https:\/\/scorpio.servicevision.es\/es\/producto\/gruas-y-cabezas\/gruas-telescopicas\/scorpio-55\/scorpio-55\/\",\"url\":\"https:\/\/scorpio.servicevision.es\/es\/producto\/gruas-y-cabezas\/gruas-telescopicas\/scorpio-55\/scorpio-55\/\",\"name\":\"SCORPIO 55\u2032 - Scorpio\",\"isPartOf\":{\"@id\":\"https:\/\/scorpio.servicevision.es\/es\/#website\"},\"primaryImageOfPage\":{\"@id\":\"https:\/\/scorpio.servicevision.es\/es\/producto\/gruas-y-cabezas\/gruas-telescopicas\/scorpio-55\/scorpio-55\/#primaryimage\"},\"image\":{\"@id\":\"https:\/\/scorpio.servicevision.es\/es\/producto\/gruas-y-cabezas\/gruas-telescopicas\/scorpio-55\/scorpio-55\/#primaryimage\"},\"thumbnailUrl\":\"https:\/\/scorpio.servicevision.es\/wp-content\/uploads\/2026\/03\/SCORPIO55.jpg\",\"datePublished\":\"2026-03-24T22:20:46+00:00\",\"dateModified\":\"2026-04-02T15:56:34+00:00\",\"breadcrumb\":{\"@id\":\"https:\/\/scorpio.servicevision.es\/es\/producto\/gruas-y-cabezas\/gruas-telescopicas\/scorpio-55\/scorpio-55\/#breadcrumb\"},\"inLanguage\":\"es\",\"potentialAction\":[{\"@type\":\"ReadAction\",\"target\":[\"https:\/\/scorpio.servicevision.es\/es\/producto\/gruas-y-cabezas\/gruas-telescopicas\/scorpio-55\/scorpio-55\/\"]}]},{\"@type\":\"ImageObject\",\"inLanguage\":\"es\",\"@id\":\"https:\/\/scorpio.servicevision.es\/es\/producto\/gruas-y-cabezas\/gruas-telescopicas\/scorpio-55\/scorpio-55\/#primaryimage\",\"url\":\"https:\/\/scorpio.servicevision.es\/wp-content\/uploads\/2026\/03\/SCORPIO55.jpg\",\"contentUrl\":\"https:\/\/scorpio.servicevision.es\/wp-content\/uploads\/2026\/03\/SCORPIO55.jpg\",\"width\":1600,\"height\":946},{\"@type\":\"BreadcrumbList\",\"@id\":\"https:\/\/scorpio.servicevision.es\/es\/producto\/gruas-y-cabezas\/gruas-telescopicas\/scorpio-55\/scorpio-55\/#breadcrumb\",\"itemListElement\":[{\"@type\":\"ListItem\",\"position\":1,\"name\":\"Portada\",\"item\":\"https:\/\/scorpio.servicevision.es\/es\/\"},{\"@type\":\"ListItem\",\"position\":2,\"name\":\"Shop\",\"item\":\"https:\/\/scorpio.servicevision.es\/en\/shop\/\"},{\"@type\":\"ListItem\",\"position\":3,\"name\":\"SCORPIO 55\u2032\"}]},{\"@type\":\"WebSite\",\"@id\":\"https:\/\/scorpio.servicevision.es\/es\/#website\",\"url\":\"https:\/\/scorpio.servicevision.es\/es\/\",\"name\":\"Scorpio\",\"description\":\"Scorpio, fabricaci\u00f3n y venta de equipos para rodajes cinematogr\u00e1ficos\",\"potentialAction\":[{\"@type\":\"SearchAction\",\"target\":{\"@type\":\"EntryPoint\",\"urlTemplate\":\"https:\/\/scorpio.servicevision.es\/es\/?s={search_term_string}\"},\"query-input\":{\"@type\":\"PropertyValueSpecification\",\"valueRequired\":true,\"valueName\":\"search_term_string\"}}],\"inLanguage\":\"es\"}]}<\/script>\n<!-- \/ Yoast SEO plugin. -->","yoast_head_json":{"title":"SCORPIO 55\u2032 - Scorpio","robots":{"index":"index","follow":"follow","max-snippet":"max-snippet:-1","max-image-preview":"max-image-preview:large","max-video-preview":"max-video-preview:-1"},"canonical":"https:\/\/scorpio.servicevision.es\/es\/producto\/gruas-y-cabezas\/gruas-telescopicas\/scorpio-55\/scorpio-55\/","og_locale":"es_ES","og_type":"article","og_title":"SCORPIO 55\u2032 - Scorpio","og_description":"La Scorpio 55' est\u00e1 basado en la fiable Scorpio 45' que comparte los mismos componentes del esqueleto, solo a\u00f1adiendo una secci\u00f3n telesc\u00f3pica m\u00e1s para aumentar la altura del objetivo en 3m (9\u20197\u2019\u2019).","og_url":"https:\/\/scorpio.servicevision.es\/es\/producto\/gruas-y-cabezas\/gruas-telescopicas\/scorpio-55\/scorpio-55\/","og_site_name":"Scorpio","article_modified_time":"2026-04-02T15:56:34+00:00","og_image":[{"width":1600,"height":946,"url":"https:\/\/scorpio.servicevision.es\/wp-content\/uploads\/2026\/03\/SCORPIO55.jpg","type":"image\/jpeg"}],"twitter_card":"summary_large_image","twitter_misc":{"Tiempo de lectura":"1 minuto"},"schema":{"@context":"https:\/\/schema.org","@graph":[{"@type":"WebPage","@id":"https:\/\/scorpio.servicevision.es\/es\/producto\/gruas-y-cabezas\/gruas-telescopicas\/scorpio-55\/scorpio-55\/","url":"https:\/\/scorpio.servicevision.es\/es\/producto\/gruas-y-cabezas\/gruas-telescopicas\/scorpio-55\/scorpio-55\/","name":"SCORPIO 55\u2032 - Scorpio","isPartOf":{"@id":"https:\/\/scorpio.servicevision.es\/es\/#website"},"primaryImageOfPage":{"@id":"https:\/\/scorpio.servicevision.es\/es\/producto\/gruas-y-cabezas\/gruas-telescopicas\/scorpio-55\/scorpio-55\/#primaryimage"},"image":{"@id":"https:\/\/scorpio.servicevision.es\/es\/producto\/gruas-y-cabezas\/gruas-telescopicas\/scorpio-55\/scorpio-55\/#primaryimage"},"thumbnailUrl":"https:\/\/scorpio.servicevision.es\/wp-content\/uploads\/2026\/03\/SCORPIO55.jpg","datePublished":"2026-03-24T22:20:46+00:00","dateModified":"2026-04-02T15:56:34+00:00","breadcrumb":{"@id":"https:\/\/scorpio.servicevision.es\/es\/producto\/gruas-y-cabezas\/gruas-telescopicas\/scorpio-55\/scorpio-55\/#breadcrumb"},"inLanguage":"es","potentialAction":[{"@type":"ReadAction","target":["https:\/\/scorpio.servicevision.es\/es\/producto\/gruas-y-cabezas\/gruas-telescopicas\/scorpio-55\/scorpio-55\/"]}]},{"@type":"ImageObject","inLanguage":"es","@id":"https:\/\/scorpio.servicevision.es\/es\/producto\/gruas-y-cabezas\/gruas-telescopicas\/scorpio-55\/scorpio-55\/#primaryimage","url":"https:\/\/scorpio.servicevision.es\/wp-content\/uploads\/2026\/03\/SCORPIO55.jpg","contentUrl":"https:\/\/scorpio.servicevision.es\/wp-content\/uploads\/2026\/03\/SCORPIO55.jpg","width":1600,"height":946},{"@type":"BreadcrumbList","@id":"https:\/\/scorpio.servicevision.es\/es\/producto\/gruas-y-cabezas\/gruas-telescopicas\/scorpio-55\/scorpio-55\/#breadcrumb","itemListElement":[{"@type":"ListItem","position":1,"name":"Portada","item":"https:\/\/scorpio.servicevision.es\/es\/"},{"@type":"ListItem","position":2,"name":"Shop","item":"https:\/\/scorpio.servicevision.es\/en\/shop\/"},{"@type":"ListItem","position":3,"name":"SCORPIO 55\u2032"}]},{"@type":"WebSite","@id":"https:\/\/scorpio.servicevision.es\/es\/#website","url":"https:\/\/scorpio.servicevision.es\/es\/","name":"Scorpio","description":"Scorpio, fabricaci\u00f3n y venta de equipos para rodajes cinematogr\u00e1ficos","potentialAction":[{"@type":"SearchAction","target":{"@type":"EntryPoint","urlTemplate":"https:\/\/scorpio.servicevision.es\/es\/?s={search_term_string}"},"query-input":{"@type":"PropertyValueSpecification","valueRequired":true,"valueName":"search_term_string"}}],"inLanguage":"es"}]}},"_links":{"self":[{"href":"https:\/\/scorpio.servicevision.es\/es\/wp-json\/wp\/v2\/product\/11075","targetHints":{"allow":["GET"]}}],"collection":[{"href":"https:\/\/scorpio.servicevision.es\/es\/wp-json\/wp\/v2\/product"}],"about":[{"href":"https:\/\/scorpio.servicevision.es\/es\/wp-json\/wp\/v2\/types\/product"}],"wp:featuredmedia":[{"embeddable":true,"href":"https:\/\/scorpio.servicevision.es\/es\/wp-json\/wp\/v2\/media\/11076"}],"wp:attachment":[{"href":"https:\/\/scorpio.servicevision.es\/es\/wp-json\/wp\/v2\/media?parent=11075"}],"wp:term":[{"taxonomy":"product_cat","embeddable":true,"href":"https:\/\/scorpio.servicevision.es\/es\/wp-json\/wp\/v2\/product_cat?post=11075"},{"taxonomy":"product_tag","embeddable":true,"href":"https:\/\/scorpio.servicevision.es\/es\/wp-json\/wp\/v2\/product_tag?post=11075"}],"curies":[{"name":"wp","href":"https:\/\/api.w.org\/{rel}","templated":true}]}}