{"id":20,"date":"2018-12-17T05:26:39","date_gmt":"2018-12-17T05:26:39","guid":{"rendered":"http:\/\/servicevisionalq.bcntic.com\/?page_id=20"},"modified":"2021-07-17T08:23:49","modified_gmt":"2021-07-17T08:23:49","slug":"contacto","status":"publish","type":"page","link":"https:\/\/scorpio.servicevision.es\/es\/contacto\/","title":{"rendered":"Contacto"},"content":{"rendered":"<p>[vc_row full_width=\u00bbstretch_row_content_no_spaces\u00bb css=\u00bb.vc_custom_1548136745350{background-color: #eeeeee !important;}\u00bb][vc_column][vc_row_inner][vc_column_inner][vc_custom_heading text=\u00bbCONTACTO\u00bb font_container=\u00bbtag:h2|text_align:center\u00bb google_fonts=\u00bbfont_family:Open%20Sans%3A300%2C300italic%2Cregular%2Citalic%2C600%2C600italic%2C700%2C700italic%2C800%2C800italic|font_style:400%20regular%3A400%3Anormal\u00bb][vc_raw_html]JTNDZGl2JTIwY2xhc3MlM0QlMjJlbmNhYmV6YWRvLWxpbmUlMjIlM0UlM0MlMkZkaXYlM0U=[\/vc_raw_html][vc_column_text el_class=\u00bbnoticies_home_text\u00bb css=\u00bb.vc_custom_1601879575982{padding-top: 30px !important;padding-bottom: 30px !important;}\u00bb]<\/p>\n<h4>CONTACTA CON NOSOTROS<\/h4>\n<p>[\/vc_column_text][\/vc_column_inner][\/vc_row_inner][\/vc_column][\/vc_row][vc_row full_width=\u00bbstretch_row_content_no_spaces\u00bb full_height=\u00bbyes\u00bb equal_height=\u00bbyes\u00bb content_placement=\u00bbmiddle\u00bb css=\u00bb.vc_custom_1548093059445{background-color: #eeeeee !important;}\u00bb][vc_column][vc_row_inner gap=\u00bb25&#8243; el_class=\u00bbcontact_adress_rows\u00bb][vc_column_inner][vc_custom_heading text=\u00bbServicevision BIS S.L.\u00bb font_container=\u00bbtag:h2|text_align:left|color:%2304466f\u00bb google_fonts=\u00bbfont_family:Open%20Sans%3A300%2C300italic%2Cregular%2Citalic%2C600%2C600italic%2C700%2C700italic%2C800%2C800italic|font_style:400%20italic%3A400%3Aitalic\u00bb css_animation=\u00bbfadeIn\u00bb][vc_column_text]<\/p>\n<h4><strong>Direcci\u00f3n<\/strong> : C\\ Rios Rosas, 20<\/h4>\n<h4>08940 Cornella De Llobregat &#8211; Barcelona &#8211; Spain<\/h4>\n<h4><strong>Tel\u00e9fono<\/strong> : +34 93 223 86 30<\/h4>\n<h4><strong>Fax<\/strong> : +34 93 223 86 31<\/h4>\n<p>[\/vc_column_text][vc_empty_space][vc_gmaps link=\u00bb#E-8_JTNDaWZyYW1lJTIwc3JjJTNEJTIyaHR0cHMlM0ElMkYlMkZ3d3cuZ29vZ2xlLmNvbSUyRm1hcHMlMkZlbWJlZCUzRnBiJTNEJTIxMW0xOCUyMTFtMTIlMjExbTMlMjExZDI5OTQuNjkxODkzNzM2MzI4NCUyMTJkMi4wODcwODYzMTU4NTY2NTM1JTIxM2Q0MS4zNTkwNTAxNzkyNjY3NyUyMTJtMyUyMTFmMCUyMTJmMCUyMTNmMCUyMTNtMiUyMTFpMTAyNCUyMTJpNzY4JTIxNGYxMy4xJTIxM20zJTIxMW0yJTIxMXMweDEyYTQ5OTNlZTY0MzIyYWQlMjUzQTB4NDkxYTZmMzQ3ODFlMGY4YiUyMTJzU2VydmljZXZpc2lvbiUyMTVlMCUyMTNtMiUyMTFzZXMlMjEyc2VzJTIxNHYxNTQ4MDg4MDM0MzEzJTIyJTIwd2lkdGglM0QlMjI2MDAlMjIlMjBoZWlnaHQlM0QlMjI0NTAlMjIlMjBmcmFtZWJvcmRlciUzRCUyMjAlMjIlMjBzdHlsZSUzRCUyMmJvcmRlciUzQTAlMjIlMjBhbGxvd2Z1bGxzY3JlZW4lM0UlM0MlMkZpZnJhbWUlM0U=\u00bb][vc_empty_space][\/vc_column_inner][\/vc_row_inner][\/vc_column][\/vc_row][vc_row][vc_column][vc_empty_space][\/vc_column][\/vc_row][vc_row equal_height=\u00bbyes\u00bb el_class=\u00bbcontact_border\u00bb][vc_column width=\u00bb2\/3&#8243;][vc_custom_heading text=\u00bbContacta con Servicevision\u00bb google_fonts=\u00bbfont_family:Open%20Sans%3A300%2C300italic%2Cregular%2Citalic%2C600%2C600italic%2C700%2C700italic%2C800%2C800italic|font_style:400%20regular%3A400%3Anormal\u00bb el_class=\u00bbcontact_capitalize\u00bb][vc_empty_space]<div role=\"form\" class=\"wpcf7\" id=\"wpcf7-f9-o1\" lang=\"es-ES\" dir=\"ltr\">\n<div class=\"screen-reader-response\"><p role=\"status\" aria-live=\"polite\" aria-atomic=\"true\"><\/p> <ul><\/ul><\/div>\n<form action=\"\/es\/wp-json\/wp\/v2\/pages\/20#wpcf7-f9-o1\" method=\"post\" class=\"wpcf7-form init\" novalidate=\"novalidate\" data-status=\"init\">\n<div style=\"display: none;\">\n<input type=\"hidden\" name=\"_wpcf7\" value=\"9\" \/>\n<input type=\"hidden\" name=\"_wpcf7_version\" value=\"5.6.4\" \/>\n<input type=\"hidden\" name=\"_wpcf7_locale\" value=\"es_ES\" \/>\n<input type=\"hidden\" name=\"_wpcf7_unit_tag\" value=\"wpcf7-f9-o1\" \/>\n<input type=\"hidden\" name=\"_wpcf7_container_post\" value=\"0\" \/>\n<input type=\"hidden\" name=\"_wpcf7_posted_data_hash\" value=\"\" \/>\n<input type=\"hidden\" name=\"_wpcf7_recaptcha_response\" value=\"\" \/>\n<\/div>\n<p><label> Tu nombre (requerido)<br \/>\n    <span class=\"wpcf7-form-control-wrap\" data-name=\"your-name\"><input type=\"text\" name=\"your-name\" value=\"\" size=\"40\" class=\"wpcf7-form-control wpcf7-text wpcf7-validates-as-required\" aria-required=\"true\" aria-invalid=\"false\" \/><\/span> <\/label><\/p>\n<p><label> Departamentos (requerido)<br \/>\n<span class=\"wpcf7-form-control-wrap\" data-name=\"departmentEmail\"><select name=\"departmentEmail\" class=\"wpcf7-form-control wpcf7-select wpcf7-validates-as-required\" aria-required=\"true\" aria-invalid=\"false\"><option value=\"Grips y plat\u00f3s\">Grips y plat\u00f3s<\/option><option value=\"C\u00e1maras\">C\u00e1maras<\/option><option value=\"Luces\">Luces<\/option><option value=\"Ventas\">Ventas<\/option><option value=\"Administraci\u00f3n\">Administraci\u00f3n<\/option><\/select><\/span><\/label><\/p>\n<p><label> Tu correo electr\u00f3nico (requerido)<br \/>\n    <span class=\"wpcf7-form-control-wrap\" data-name=\"your-email\"><input type=\"email\" name=\"your-email\" value=\"\" size=\"40\" class=\"wpcf7-form-control wpcf7-text wpcf7-email wpcf7-validates-as-required wpcf7-validates-as-email\" aria-required=\"true\" aria-invalid=\"false\" \/><\/span> <\/label><\/p>\n<p><label> Asunto<br \/>\n    <span class=\"wpcf7-form-control-wrap\" data-name=\"your-subject\"><input type=\"text\" name=\"your-subject\" value=\"\" size=\"40\" class=\"wpcf7-form-control wpcf7-text\" aria-invalid=\"false\" \/><\/span> <\/label><\/p>\n<p><label> Tu mensaje<br \/>\n    <span class=\"wpcf7-form-control-wrap\" data-name=\"your-message\"><textarea name=\"your-message\" cols=\"40\" rows=\"10\" class=\"wpcf7-form-control wpcf7-textarea\" aria-invalid=\"false\"><\/textarea><\/span> <\/label><\/p>\n<p>SERVICEVISION BIS, S.L. como responsable del tratamiento tratar\u00e1 tus datos con la finalidad de dar respuesta a tu consulta o petici\u00f3n. Puedes acceder, rectificar y suprimir tus datos, as\u00ed como ejercer otros derechos consultando la informaci\u00f3n adicional y detallada sobre protecci\u00f3n de datos en nuestra <a href=\"\/politica-de-privacidad\" target=\"_blank\">Pol\u00edtica de Privacidad<\/a>.<\/p>\n<p><span class=\"wpcf7-form-control-wrap\" data-name=\"acceptance-449\"><span class=\"wpcf7-form-control wpcf7-acceptance\"><span class=\"wpcf7-list-item\"><label><input type=\"checkbox\" name=\"acceptance-449\" value=\"1\" aria-invalid=\"false\" \/><span class=\"wpcf7-list-item-label\">He le\u00eddo y acepto las condiciones contenidas en la <a href=\"\/politica-de-privacidad\" target=\"_blank\">Pol\u00edtica de privacidad<\/a> sobre el tratamiento de mis datos para gestionar mi\nconsulta o petici\u00f3n.<\/span><\/label><\/span><\/span><\/span><\/p>\n<p><input type=\"submit\" value=\"Enviar\" class=\"wpcf7-form-control has-spinner wpcf7-submit\" \/><\/p>\n<p style=\"display: none !important;\" class=\"akismet-fields-container\" data-prefix=\"_wpcf7_ak_\"><label>&#916;<textarea name=\"_wpcf7_ak_hp_textarea\" cols=\"45\" rows=\"8\" maxlength=\"100\"><\/textarea><\/label><input type=\"hidden\" id=\"ak_js_1\" name=\"_wpcf7_ak_js\" value=\"121\"\/><script>document.getElementById( \"ak_js_1\" ).setAttribute( \"value\", ( new Date() ).getTime() );<\/script><\/p><div class=\"wpcf7-response-output\" aria-hidden=\"true\"><\/div><\/form><\/div>[\/vc_column][vc_column width=\u00bb1\/3&#8243;][vc_custom_heading text=\u00bbAlquiler de grips y plat\u00f3\u00bb font_container=\u00bbtag:h3|text_align:left|color:%2304466f\u00bb google_fonts=\u00bbfont_family:Open%20Sans%3A300%2C300italic%2Cregular%2Citalic%2C600%2C600italic%2C700%2C700italic%2C800%2C800italic|font_style:400%20italic%3A400%3Aitalic\u00bb][vc_column_text css=\u00bb.vc_custom_1626510168435{padding-left: 15px !important;}\u00bb]<\/p>\n<div class=\"fieldset-wrapper\">\n<div class=\"field field-name-field-departamentos-gruas field-type-text-long field-label-hidden\">\n<div class=\"field-items\">\n<div class=\"field-item even\">\n<div>\n<ul class=\"svs-list-caracteristicas\">\n<li>&nbsp; M\u00aa Angeles Casal<\/li>\n<li>&nbsp; Montserrat Garc\u00eda<\/li>\n<li>&nbsp; Mar\u00eda Caballero<\/li>\n<li><a href=\"mailto:grips@servicevision.es\">&nbsp; grips@servicevision.es<\/a><\/li>\n<\/ul>\n<\/div>\n<\/div>\n<\/div>\n<\/div>\n<\/div>\n<p>[\/vc_column_text][vc_custom_heading text=\u00bbAlquiler de c\u00e1maras\u00bb font_container=\u00bbtag:h3|text_align:left|color:%2304466f\u00bb google_fonts=\u00bbfont_family:Open%20Sans%3A300%2C300italic%2Cregular%2Citalic%2C600%2C600italic%2C700%2C700italic%2C800%2C800italic|font_style:400%20italic%3A400%3Aitalic\u00bb][vc_column_text css=\u00bb.vc_custom_1626510185931{padding-left: 15px !important;}\u00bb]<\/p>\n<ul>\n<li>Hector Gir\u00f3<\/li>\n<li>David Gir\u00f3<\/li>\n<li><a href=\"mailto:camaras@servicevision.es\">camaras@servicevision.es<\/a><\/li>\n<\/ul>\n<p>[\/vc_column_text][vc_custom_heading text=\u00bbAlquiler de luces\u00bb font_container=\u00bbtag:h3|text_align:left|color:%2304466f\u00bb google_fonts=\u00bbfont_family:Open%20Sans%3A300%2C300italic%2Cregular%2Citalic%2C600%2C600italic%2C700%2C700italic%2C800%2C800italic|font_style:400%20italic%3A400%3Aitalic\u00bb][vc_column_text css=\u00bb.vc_custom_1626510198742{padding-left: 15px !important;}\u00bb]<\/p>\n<div class=\"fieldset-wrapper\">\n<div class=\"field field-name-field-departamentos-luces field-type-text-long field-label-hidden\">\n<div class=\"field-items\">\n<div class=\"field-item even\">\n<div>\n<ul class=\"svs-list-caracteristicas\">\n<li>Andy Vizca\u00edno<\/li>\n<li>Francesc Aris\u00f3<\/li>\n<li><a href=\"mailto:luces@servicevision.es\">luces@servicevision.es<\/a><\/li>\n<\/ul>\n<\/div>\n<\/div>\n<\/div>\n<\/div>\n<\/div>\n<p>[\/vc_column_text][\/vc_column][\/vc_row]<\/p>\n","protected":false},"excerpt":{"rendered":"<p>[vc_row full_width=\u00bbstretch_row_content_no_spaces\u00bb css=\u00bb.vc_custom_1548136745350{background-color: #eeeeee !important;}\u00bb][vc_column][vc_row_inner][vc_column_inner][vc_custom_heading text=\u00bbCONTACTO\u00bb font_container=\u00bbtag:h2|text_align:center\u00bb google_fonts=\u00bbfont_family:Open%20Sans%3A300%2C300italic%2Cregular%2Citalic%2C600%2C600italic%2C700%2C700italic%2C800%2C800italic|font_style:400%20regular%3A400%3Anormal\u00bb][vc_raw_html]JTNDZGl2JTIwY2xhc3MlM0QlMjJlbmNhYmV6YWRvLWxpbmUlMjIlM0UlM0MlMkZkaXYlM0U=[\/vc_raw_html][vc_column_text el_class=\u00bbnoticies_home_text\u00bb css=\u00bb.vc_custom_1601879575982{padding-top: 30px !important;padding-bottom: 30px !important;}\u00bb] CONTACTA CON NOSOTROS [\/vc_column_text][\/vc_column_inner][\/vc_row_inner][\/vc_column][\/vc_row][vc_row full_width=\u00bbstretch_row_content_no_spaces\u00bb full_height=\u00bbyes\u00bb equal_height=\u00bbyes\u00bb content_placement=\u00bbmiddle\u00bb css=\u00bb.vc_custom_1548093059445{background-color: #eeeeee !important;}\u00bb][vc_column][vc_row_inner gap=\u00bb25&#8243; el_class=\u00bbcontact_adress_rows\u00bb][vc_column_inner][vc_custom_heading text=\u00bbServicevision BIS S.L.\u00bb font_container=\u00bbtag:h2|text_align:left|color:%2304466f\u00bb google_fonts=\u00bbfont_family:Open%20Sans%3A300%2C300italic%2Cregular%2Citalic%2C600%2C600italic%2C700%2C700italic%2C800%2C800italic|font_style:400%20italic%3A400%3Aitalic\u00bb css_animation=\u00bbfadeIn\u00bb][vc_column_text] Direcci\u00f3n : C\\ Rios Rosas, 20 08940 Cornella De Llobregat &#8211; Barcelona &#8211; Spain Tel\u00e9fono : +34 93 223 86 30 Fax&hellip;<\/p>\n","protected":false},"author":1,"featured_media":0,"parent":0,"menu_order":0,"comment_status":"closed","ping_status":"closed","template":"","meta":{"ngg_post_thumbnail":0,"footnotes":""},"class_list":["post-20","page","type-page","status-publish","hentry"],"yoast_head":"<!-- This site is optimized with the Yoast SEO plugin v27.2 - https:\/\/yoast.com\/product\/yoast-seo-wordpress\/ -->\n<title>Contacto - Scorpio<\/title>\n<meta name=\"description\" content=\"Ponte en contacto con Servicevicion Scorpio. Compra de productos para filmaci\u00f3n y rodaje.\" \/>\n<meta name=\"robots\" content=\"index, follow, max-snippet:-1, max-image-preview:large, max-video-preview:-1\" \/>\n<link rel=\"canonical\" href=\"https:\/\/scorpio.servicevision.es\/es\/contacto\/\" \/>\n<meta property=\"og:locale\" content=\"es_ES\" \/>\n<meta property=\"og:type\" content=\"article\" \/>\n<meta property=\"og:title\" content=\"Contacto - Scorpio\" \/>\n<meta property=\"og:description\" content=\"Ponte en contacto con Servicevicion Scorpio. Compra de productos para filmaci\u00f3n y rodaje.\" \/>\n<meta property=\"og:url\" content=\"https:\/\/scorpio.servicevision.es\/es\/contacto\/\" \/>\n<meta property=\"og:site_name\" content=\"Scorpio\" \/>\n<meta property=\"article:modified_time\" content=\"2021-07-17T08:23:49+00:00\" \/>\n<meta name=\"twitter:card\" content=\"summary_large_image\" \/>\n<meta name=\"twitter:label1\" content=\"Tiempo de lectura\" \/>\n\t<meta name=\"twitter:data1\" content=\"1 minuto\" \/>\n<script type=\"application\/ld+json\" class=\"yoast-schema-graph\">{\"@context\":\"https:\/\/schema.org\",\"@graph\":[{\"@type\":\"WebPage\",\"@id\":\"https:\/\/scorpio.servicevision.es\/es\/contacto\/\",\"url\":\"https:\/\/scorpio.servicevision.es\/es\/contacto\/\",\"name\":\"Contacto - Scorpio\",\"isPartOf\":{\"@id\":\"https:\/\/scorpio.servicevision.es\/es\/#website\"},\"datePublished\":\"2018-12-17T05:26:39+00:00\",\"dateModified\":\"2021-07-17T08:23:49+00:00\",\"description\":\"Ponte en contacto con Servicevicion Scorpio. Compra de productos para filmaci\u00f3n y rodaje.\",\"breadcrumb\":{\"@id\":\"https:\/\/scorpio.servicevision.es\/es\/contacto\/#breadcrumb\"},\"inLanguage\":\"es\",\"potentialAction\":[{\"@type\":\"ReadAction\",\"target\":[\"https:\/\/scorpio.servicevision.es\/es\/contacto\/\"]}]},{\"@type\":\"BreadcrumbList\",\"@id\":\"https:\/\/scorpio.servicevision.es\/es\/contacto\/#breadcrumb\",\"itemListElement\":[{\"@type\":\"ListItem\",\"position\":1,\"name\":\"Portada\",\"item\":\"https:\/\/scorpio.servicevision.es\/es\/\"},{\"@type\":\"ListItem\",\"position\":2,\"name\":\"Contacto\"}]},{\"@type\":\"WebSite\",\"@id\":\"https:\/\/scorpio.servicevision.es\/es\/#website\",\"url\":\"https:\/\/scorpio.servicevision.es\/es\/\",\"name\":\"Scorpio\",\"description\":\"Scorpio, fabricaci\u00f3n y venta de equipos para rodajes cinematogr\u00e1ficos\",\"potentialAction\":[{\"@type\":\"SearchAction\",\"target\":{\"@type\":\"EntryPoint\",\"urlTemplate\":\"https:\/\/scorpio.servicevision.es\/es\/?s={search_term_string}\"},\"query-input\":{\"@type\":\"PropertyValueSpecification\",\"valueRequired\":true,\"valueName\":\"search_term_string\"}}],\"inLanguage\":\"es\"}]}<\/script>\n<!-- \/ Yoast SEO plugin. -->","yoast_head_json":{"title":"Contacto - Scorpio","description":"Ponte en contacto con Servicevicion Scorpio. Compra de productos para filmaci\u00f3n y rodaje.","robots":{"index":"index","follow":"follow","max-snippet":"max-snippet:-1","max-image-preview":"max-image-preview:large","max-video-preview":"max-video-preview:-1"},"canonical":"https:\/\/scorpio.servicevision.es\/es\/contacto\/","og_locale":"es_ES","og_type":"article","og_title":"Contacto - Scorpio","og_description":"Ponte en contacto con Servicevicion Scorpio. Compra de productos para filmaci\u00f3n y rodaje.","og_url":"https:\/\/scorpio.servicevision.es\/es\/contacto\/","og_site_name":"Scorpio","article_modified_time":"2021-07-17T08:23:49+00:00","twitter_card":"summary_large_image","twitter_misc":{"Tiempo de lectura":"1 minuto"},"schema":{"@context":"https:\/\/schema.org","@graph":[{"@type":"WebPage","@id":"https:\/\/scorpio.servicevision.es\/es\/contacto\/","url":"https:\/\/scorpio.servicevision.es\/es\/contacto\/","name":"Contacto - Scorpio","isPartOf":{"@id":"https:\/\/scorpio.servicevision.es\/es\/#website"},"datePublished":"2018-12-17T05:26:39+00:00","dateModified":"2021-07-17T08:23:49+00:00","description":"Ponte en contacto con Servicevicion Scorpio. Compra de productos para filmaci\u00f3n y rodaje.","breadcrumb":{"@id":"https:\/\/scorpio.servicevision.es\/es\/contacto\/#breadcrumb"},"inLanguage":"es","potentialAction":[{"@type":"ReadAction","target":["https:\/\/scorpio.servicevision.es\/es\/contacto\/"]}]},{"@type":"BreadcrumbList","@id":"https:\/\/scorpio.servicevision.es\/es\/contacto\/#breadcrumb","itemListElement":[{"@type":"ListItem","position":1,"name":"Portada","item":"https:\/\/scorpio.servicevision.es\/es\/"},{"@type":"ListItem","position":2,"name":"Contacto"}]},{"@type":"WebSite","@id":"https:\/\/scorpio.servicevision.es\/es\/#website","url":"https:\/\/scorpio.servicevision.es\/es\/","name":"Scorpio","description":"Scorpio, fabricaci\u00f3n y venta de equipos para rodajes cinematogr\u00e1ficos","potentialAction":[{"@type":"SearchAction","target":{"@type":"EntryPoint","urlTemplate":"https:\/\/scorpio.servicevision.es\/es\/?s={search_term_string}"},"query-input":{"@type":"PropertyValueSpecification","valueRequired":true,"valueName":"search_term_string"}}],"inLanguage":"es"}]}},"_links":{"self":[{"href":"https:\/\/scorpio.servicevision.es\/es\/wp-json\/wp\/v2\/pages\/20","targetHints":{"allow":["GET"]}}],"collection":[{"href":"https:\/\/scorpio.servicevision.es\/es\/wp-json\/wp\/v2\/pages"}],"about":[{"href":"https:\/\/scorpio.servicevision.es\/es\/wp-json\/wp\/v2\/types\/page"}],"author":[{"embeddable":true,"href":"https:\/\/scorpio.servicevision.es\/es\/wp-json\/wp\/v2\/users\/1"}],"replies":[{"embeddable":true,"href":"https:\/\/scorpio.servicevision.es\/es\/wp-json\/wp\/v2\/comments?post=20"}],"version-history":[{"count":0,"href":"https:\/\/scorpio.servicevision.es\/es\/wp-json\/wp\/v2\/pages\/20\/revisions"}],"wp:attachment":[{"href":"https:\/\/scorpio.servicevision.es\/es\/wp-json\/wp\/v2\/media?parent=20"}],"curies":[{"name":"wp","href":"https:\/\/api.w.org\/{rel}","templated":true}]}}