{"id":11054,"date":"2025-12-04T16:03:13","date_gmt":"2025-12-04T16:03:13","guid":{"rendered":"https:\/\/scorpio.servicevision.es\/?post_type=product&#038;p=11054"},"modified":"2025-12-04T16:25:59","modified_gmt":"2025-12-04T16:25:59","slug":"scorpio-78-3","status":"publish","type":"product","link":"https:\/\/scorpio.servicevision.es\/en\/product\/grips-en\/telescopic-cranes\/scorpio-78-3\/","title":{"rendered":"SCORPIO 78&#8242;"},"content":{"rendered":"<p><strong> Scorpio 78\u2019<\/strong> is the longest telescopic crane with human control capacity.<\/p>\n<p>Using the same development line used with the Scorpio 45\u2019 and all the software and hardware improvements from all the Scorpio Cranes, Servicevision has been working to design the longer sister of the 45\u2019 with perfect balance in measurements when retracted for transportation and when extended for range.<\/p>\n","protected":false},"excerpt":{"rendered":"<div class=\"fieldset-wrapper\">\n<div class=\"field field-name-field-producto-descripcion field-type-text-long field-label-hidden\">\n<div class=\"field-items\">\n<div class=\"field-item even\">\n<p class=\"svs-p-notas-tecnicas\"><strong> Scorpio 78\u2019<\/strong> is the longest telescopic crane with human control capacity.<\/p>\n<\/div>\n<\/div>\n<\/div>\n<\/div>\n","protected":false},"featured_media":11046,"template":"","meta":{"ngg_post_thumbnail":0},"product_cat":[759,523,441],"product_tag":[],"class_list":["post-11054","product","type-product","status-publish","has-post-thumbnail","hentry","product_cat-scorpio-78-en","product_cat-telescopic-cranes","product_cat-scorpio-45-en","col-xs-6 col-sm-4","col-mf-5","un--cols"],"yoast_head":"<!-- This site is optimized with the Yoast SEO plugin v27.2 - https:\/\/yoast.com\/product\/yoast-seo-wordpress\/ -->\n<title>Veh\u00edculos y gruas para rodajes - Compra de SCORPIO 78&#039; - Scorpio<\/title>\n<meta name=\"description\" content=\"Compra de veh\u00edculos y gr\u00faas para rodajes - SCORPIO 78&#039;. Consultas y soporte t\u00e9cnico en Servicevision, as\u00ed como fabricaci\u00f3n y venta de equipos para producciones cinematogr\u00e1ficas.\" \/>\n<meta name=\"robots\" content=\"index, follow, max-snippet:-1, max-image-preview:large, max-video-preview:-1\" \/>\n<link rel=\"canonical\" href=\"https:\/\/scorpio.servicevision.es\/en\/product\/grips-en\/telescopic-cranes\/scorpio-78-3\/\" \/>\n<meta property=\"og:locale\" content=\"en_US\" \/>\n<meta property=\"og:type\" content=\"article\" \/>\n<meta property=\"og:title\" content=\"Veh\u00edculos y gruas para rodajes - Compra de SCORPIO 78&#039; - Scorpio\" \/>\n<meta property=\"og:description\" content=\"Compra de veh\u00edculos y gr\u00faas para rodajes - SCORPIO 78&#039;. Consultas y soporte t\u00e9cnico en Servicevision, as\u00ed como fabricaci\u00f3n y venta de equipos para producciones cinematogr\u00e1ficas.\" \/>\n<meta property=\"og:url\" content=\"https:\/\/scorpio.servicevision.es\/en\/product\/grips-en\/telescopic-cranes\/scorpio-78-3\/\" \/>\n<meta property=\"og:site_name\" content=\"Scorpio\" \/>\n<meta property=\"article:modified_time\" content=\"2025-12-04T16:25:59+00:00\" \/>\n<meta property=\"og:image\" content=\"https:\/\/scorpio.servicevision.es\/wp-content\/uploads\/2025\/12\/Imagen1.jpg\" \/>\n\t<meta property=\"og:image:width\" content=\"786\" \/>\n\t<meta property=\"og:image:height\" content=\"553\" \/>\n\t<meta property=\"og:image:type\" content=\"image\/jpeg\" \/>\n<meta name=\"twitter:card\" content=\"summary_large_image\" \/>\n<script type=\"application\/ld+json\" class=\"yoast-schema-graph\">{\"@context\":\"https:\/\/schema.org\",\"@graph\":[{\"@type\":\"WebPage\",\"@id\":\"https:\/\/scorpio.servicevision.es\/en\/product\/grips-en\/telescopic-cranes\/scorpio-78-3\/\",\"url\":\"https:\/\/scorpio.servicevision.es\/en\/product\/grips-en\/telescopic-cranes\/scorpio-78-3\/\",\"name\":\"Veh\u00edculos y gruas para rodajes - Compra de SCORPIO 78' - Scorpio\",\"isPartOf\":{\"@id\":\"https:\/\/scorpio.servicevision.es\/es\/#website\"},\"primaryImageOfPage\":{\"@id\":\"https:\/\/scorpio.servicevision.es\/en\/product\/grips-en\/telescopic-cranes\/scorpio-78-3\/#primaryimage\"},\"image\":{\"@id\":\"https:\/\/scorpio.servicevision.es\/en\/product\/grips-en\/telescopic-cranes\/scorpio-78-3\/#primaryimage\"},\"thumbnailUrl\":\"https:\/\/scorpio.servicevision.es\/wp-content\/uploads\/2025\/12\/Imagen1.jpg\",\"datePublished\":\"2025-12-04T16:03:13+00:00\",\"dateModified\":\"2025-12-04T16:25:59+00:00\",\"description\":\"Compra de veh\u00edculos y gr\u00faas para rodajes - SCORPIO 78'. Consultas y soporte t\u00e9cnico en Servicevision, as\u00ed como fabricaci\u00f3n y venta de equipos para producciones cinematogr\u00e1ficas.\",\"breadcrumb\":{\"@id\":\"https:\/\/scorpio.servicevision.es\/en\/product\/grips-en\/telescopic-cranes\/scorpio-78-3\/#breadcrumb\"},\"inLanguage\":\"en-US\",\"potentialAction\":[{\"@type\":\"ReadAction\",\"target\":[\"https:\/\/scorpio.servicevision.es\/en\/product\/grips-en\/telescopic-cranes\/scorpio-78-3\/\"]}]},{\"@type\":\"ImageObject\",\"inLanguage\":\"en-US\",\"@id\":\"https:\/\/scorpio.servicevision.es\/en\/product\/grips-en\/telescopic-cranes\/scorpio-78-3\/#primaryimage\",\"url\":\"https:\/\/scorpio.servicevision.es\/wp-content\/uploads\/2025\/12\/Imagen1.jpg\",\"contentUrl\":\"https:\/\/scorpio.servicevision.es\/wp-content\/uploads\/2025\/12\/Imagen1.jpg\",\"width\":786,\"height\":553},{\"@type\":\"BreadcrumbList\",\"@id\":\"https:\/\/scorpio.servicevision.es\/en\/product\/grips-en\/telescopic-cranes\/scorpio-78-3\/#breadcrumb\",\"itemListElement\":[{\"@type\":\"ListItem\",\"position\":1,\"name\":\"Portada\",\"item\":\"https:\/\/scorpio.servicevision.es\/en\/\"},{\"@type\":\"ListItem\",\"position\":2,\"name\":\"Shop\",\"item\":\"https:\/\/scorpio.servicevision.es\/en\/shop\/\"},{\"@type\":\"ListItem\",\"position\":3,\"name\":\"SCORPIO 78&#8242;\"}]},{\"@type\":\"WebSite\",\"@id\":\"https:\/\/scorpio.servicevision.es\/es\/#website\",\"url\":\"https:\/\/scorpio.servicevision.es\/es\/\",\"name\":\"Scorpio\",\"description\":\"Scorpio, fabricaci\u00f3n y venta de equipos para rodajes cinematogr\u00e1ficos\",\"potentialAction\":[{\"@type\":\"SearchAction\",\"target\":{\"@type\":\"EntryPoint\",\"urlTemplate\":\"https:\/\/scorpio.servicevision.es\/es\/?s={search_term_string}\"},\"query-input\":{\"@type\":\"PropertyValueSpecification\",\"valueRequired\":true,\"valueName\":\"search_term_string\"}}],\"inLanguage\":\"en-US\"}]}<\/script>\n<!-- \/ Yoast SEO plugin. -->","yoast_head_json":{"title":"Veh\u00edculos y gruas para rodajes - Compra de SCORPIO 78' - Scorpio","description":"Compra de veh\u00edculos y gr\u00faas para rodajes - SCORPIO 78'. Consultas y soporte t\u00e9cnico en Servicevision, as\u00ed como fabricaci\u00f3n y venta de equipos para producciones cinematogr\u00e1ficas.","robots":{"index":"index","follow":"follow","max-snippet":"max-snippet:-1","max-image-preview":"max-image-preview:large","max-video-preview":"max-video-preview:-1"},"canonical":"https:\/\/scorpio.servicevision.es\/en\/product\/grips-en\/telescopic-cranes\/scorpio-78-3\/","og_locale":"en_US","og_type":"article","og_title":"Veh\u00edculos y gruas para rodajes - Compra de SCORPIO 78' - Scorpio","og_description":"Compra de veh\u00edculos y gr\u00faas para rodajes - SCORPIO 78'. Consultas y soporte t\u00e9cnico en Servicevision, as\u00ed como fabricaci\u00f3n y venta de equipos para producciones cinematogr\u00e1ficas.","og_url":"https:\/\/scorpio.servicevision.es\/en\/product\/grips-en\/telescopic-cranes\/scorpio-78-3\/","og_site_name":"Scorpio","article_modified_time":"2025-12-04T16:25:59+00:00","og_image":[{"width":786,"height":553,"url":"https:\/\/scorpio.servicevision.es\/wp-content\/uploads\/2025\/12\/Imagen1.jpg","type":"image\/jpeg"}],"twitter_card":"summary_large_image","schema":{"@context":"https:\/\/schema.org","@graph":[{"@type":"WebPage","@id":"https:\/\/scorpio.servicevision.es\/en\/product\/grips-en\/telescopic-cranes\/scorpio-78-3\/","url":"https:\/\/scorpio.servicevision.es\/en\/product\/grips-en\/telescopic-cranes\/scorpio-78-3\/","name":"Veh\u00edculos y gruas para rodajes - Compra de SCORPIO 78' - Scorpio","isPartOf":{"@id":"https:\/\/scorpio.servicevision.es\/es\/#website"},"primaryImageOfPage":{"@id":"https:\/\/scorpio.servicevision.es\/en\/product\/grips-en\/telescopic-cranes\/scorpio-78-3\/#primaryimage"},"image":{"@id":"https:\/\/scorpio.servicevision.es\/en\/product\/grips-en\/telescopic-cranes\/scorpio-78-3\/#primaryimage"},"thumbnailUrl":"https:\/\/scorpio.servicevision.es\/wp-content\/uploads\/2025\/12\/Imagen1.jpg","datePublished":"2025-12-04T16:03:13+00:00","dateModified":"2025-12-04T16:25:59+00:00","description":"Compra de veh\u00edculos y gr\u00faas para rodajes - SCORPIO 78'. Consultas y soporte t\u00e9cnico en Servicevision, as\u00ed como fabricaci\u00f3n y venta de equipos para producciones cinematogr\u00e1ficas.","breadcrumb":{"@id":"https:\/\/scorpio.servicevision.es\/en\/product\/grips-en\/telescopic-cranes\/scorpio-78-3\/#breadcrumb"},"inLanguage":"en-US","potentialAction":[{"@type":"ReadAction","target":["https:\/\/scorpio.servicevision.es\/en\/product\/grips-en\/telescopic-cranes\/scorpio-78-3\/"]}]},{"@type":"ImageObject","inLanguage":"en-US","@id":"https:\/\/scorpio.servicevision.es\/en\/product\/grips-en\/telescopic-cranes\/scorpio-78-3\/#primaryimage","url":"https:\/\/scorpio.servicevision.es\/wp-content\/uploads\/2025\/12\/Imagen1.jpg","contentUrl":"https:\/\/scorpio.servicevision.es\/wp-content\/uploads\/2025\/12\/Imagen1.jpg","width":786,"height":553},{"@type":"BreadcrumbList","@id":"https:\/\/scorpio.servicevision.es\/en\/product\/grips-en\/telescopic-cranes\/scorpio-78-3\/#breadcrumb","itemListElement":[{"@type":"ListItem","position":1,"name":"Portada","item":"https:\/\/scorpio.servicevision.es\/en\/"},{"@type":"ListItem","position":2,"name":"Shop","item":"https:\/\/scorpio.servicevision.es\/en\/shop\/"},{"@type":"ListItem","position":3,"name":"SCORPIO 78&#8242;"}]},{"@type":"WebSite","@id":"https:\/\/scorpio.servicevision.es\/es\/#website","url":"https:\/\/scorpio.servicevision.es\/es\/","name":"Scorpio","description":"Scorpio, fabricaci\u00f3n y venta de equipos para rodajes cinematogr\u00e1ficos","potentialAction":[{"@type":"SearchAction","target":{"@type":"EntryPoint","urlTemplate":"https:\/\/scorpio.servicevision.es\/es\/?s={search_term_string}"},"query-input":{"@type":"PropertyValueSpecification","valueRequired":true,"valueName":"search_term_string"}}],"inLanguage":"en-US"}]}},"_links":{"self":[{"href":"https:\/\/scorpio.servicevision.es\/en\/wp-json\/wp\/v2\/product\/11054","targetHints":{"allow":["GET"]}}],"collection":[{"href":"https:\/\/scorpio.servicevision.es\/en\/wp-json\/wp\/v2\/product"}],"about":[{"href":"https:\/\/scorpio.servicevision.es\/en\/wp-json\/wp\/v2\/types\/product"}],"wp:featuredmedia":[{"embeddable":true,"href":"https:\/\/scorpio.servicevision.es\/en\/wp-json\/wp\/v2\/media\/11046"}],"wp:attachment":[{"href":"https:\/\/scorpio.servicevision.es\/en\/wp-json\/wp\/v2\/media?parent=11054"}],"wp:term":[{"taxonomy":"product_cat","embeddable":true,"href":"https:\/\/scorpio.servicevision.es\/en\/wp-json\/wp\/v2\/product_cat?post=11054"},{"taxonomy":"product_tag","embeddable":true,"href":"https:\/\/scorpio.servicevision.es\/en\/wp-json\/wp\/v2\/product_tag?post=11054"}],"curies":[{"name":"wp","href":"https:\/\/api.w.org\/{rel}","templated":true}]}}